{"id":2241,"date":"2018-06-05T10:10:27","date_gmt":"2018-06-05T10:10:27","guid":{"rendered":"https:\/\/gerar.net\/?page_id=2241"},"modified":"2018-06-05T10:10:27","modified_gmt":"2018-06-05T10:10:27","slug":"formulari-inscripcio-xines-v","status":"publish","type":"page","link":"https:\/\/gerar.net\/ca\/formulari-inscripcio-xines-v\/","title":{"rendered":"Formulari inscripci\u00f3 Xin\u00e8s V"},"content":{"rendered":"<script type=\"text\/javascript\">var gform;gform||(document.addEventListener(\"gform_main_scripts_loaded\",function(){gform.scriptsLoaded=!0}),window.addEventListener(\"DOMContentLoaded\",function(){gform.domLoaded=!0}),gform={domLoaded:!1,scriptsLoaded:!1,initializeOnLoaded:function(o){gform.domLoaded&&gform.scriptsLoaded?o():!gform.domLoaded&&gform.scriptsLoaded?window.addEventListener(\"DOMContentLoaded\",o):document.addEventListener(\"gform_main_scripts_loaded\",o)},hooks:{action:{},filter:{}},addAction:function(o,n,r,t){gform.addHook(\"action\",o,n,r,t)},addFilter:function(o,n,r,t){gform.addHook(\"filter\",o,n,r,t)},doAction:function(o){gform.doHook(\"action\",o,arguments)},applyFilters:function(o){return gform.doHook(\"filter\",o,arguments)},removeAction:function(o,n){gform.removeHook(\"action\",o,n)},removeFilter:function(o,n,r){gform.removeHook(\"filter\",o,n,r)},addHook:function(o,n,r,t,i){null==gform.hooks[o][n]&&(gform.hooks[o][n]=[]);var e=gform.hooks[o][n];null==i&&(i=n+\"_\"+e.length),gform.hooks[o][n].push({tag:i,callable:r,priority:t=null==t?10:t})},doHook:function(n,o,r){var t;if(r=Array.prototype.slice.call(r,1),null!=gform.hooks[n][o]&&((o=gform.hooks[n][o]).sort(function(o,n){return o.priority-n.priority}),o.forEach(function(o){\"function\"!=typeof(t=o.callable)&&(t=window[t]),\"action\"==n?t.apply(null,r):r[0]=t.apply(null,r)})),\"filter\"==n)return r[0]},removeHook:function(o,n,t,i){var r;null!=gform.hooks[o][n]&&(r=(r=gform.hooks[o][n]).filter(function(o,n,r){return!!(null!=i&&i!=o.tag||null!=t&&t!=o.priority)}),gform.hooks[o][n]=r)}});<\/script>\n                <div class='gf_browser_gecko gform_wrapper gform_legacy_markup_wrapper gform-theme--no-framework' data-form-theme='legacy' data-form-index='0' id='gform_wrapper_13' >\n                        <div class='gform_heading'>\n                            <h3 class=\"gform_title\">Inscripci\u00f3 curs Xin\u00e8s V<\/h3>\n                            <p class='gform_description'><\/p>\n                        <\/div><form method='post' enctype='multipart\/form-data'  id='gform_13'  action='\/ca\/wp-json\/wp\/v2\/pages\/2241' data-formid='13' novalidate>\n                        <div class='gform-body gform_body'><ul id='gform_fields_13' class='gform_fields top_label form_sublabel_below description_below'><li id=\"field_13_4\" class=\"gfield gfield--type-section gsection field_sublabel_below gfield--no-description field_description_below gfield_visibility_visible\"  data-js-reload=\"field_13_4\" ><h2 class=\"gsection_title\">Dades personals<\/h2><\/li><li id=\"field_13_1\" class=\"gfield gfield--type-name gfield_contains_required field_sublabel_below gfield--no-description field_description_below gfield_visibility_visible\"  data-js-reload=\"field_13_1\" ><label class='gfield_label gform-field-label gfield_label_before_complex' >Nom complet<span class=\"gfield_required\"><span class=\"gfield_required gfield_required_asterisk\">*<\/span><\/span><\/label><div class='ginput_complex ginput_container ginput_container--name no_prefix has_first_name no_middle_name has_last_name no_suffix gf_name_has_2 ginput_container_name gform-grid-row' id='input_13_1'>\n                            \n                            <span id='input_13_1_3_container' class='name_first gform-grid-col gform-grid-col--size-auto' >\n                                                    <input type='text' name='input_1.3' id='input_13_1_3' value=''   aria-required='true'     \/>\n                                                    <label for='input_13_1_3' class='gform-field-label gform-field-label--type-sub '>Nom<\/label>\n                                                <\/span>\n                            \n                            <span id='input_13_1_6_container' class='name_last gform-grid-col gform-grid-col--size-auto' >\n                                                    <input type='text' name='input_1.6' id='input_13_1_6' value=''   aria-required='true'     \/>\n                                                    <label for='input_13_1_6' class='gform-field-label gform-field-label--type-sub '>Cognom<\/label>\n                                                <\/span>\n                            \n                        <\/div><\/li><li id=\"field_13_2\" class=\"gfield gfield--type-email gfield_contains_required field_sublabel_below gfield--no-description field_description_below gfield_visibility_visible\"  data-js-reload=\"field_13_2\" ><label class='gfield_label gform-field-label' for='input_13_2'>Email<span class=\"gfield_required\"><span class=\"gfield_required gfield_required_asterisk\">*<\/span><\/span><\/label><div class='ginput_container ginput_container_email'>\n                            <input name='input_2' id='input_13_2' type='email' value='' class='medium'    aria-required=\"true\" aria-invalid=\"false\"  \/>\n                        <\/div><\/li><li id=\"field_13_3\" class=\"gfield gfield--type-phone field_sublabel_below gfield--no-description field_description_below gfield_visibility_visible\"  data-js-reload=\"field_13_3\" ><label class='gfield_label gform-field-label' for='input_13_3'>Tel\u00e8fon<\/label><div class='ginput_container ginput_container_phone'><input name='input_3' id='input_13_3' type='tel' value='' class='medium'    aria-invalid=\"false\"   \/><\/div><\/li><li id=\"field_13_5\" class=\"gfield gfield--type-html gfield_html gfield_html_formatted gfield_no_follows_desc field_sublabel_below gfield--no-description field_description_below gfield_visibility_visible\"  data-js-reload=\"field_13_5\" ><strong>Nota:<\/strong> l'import de la matr\u00edcula s'abonar\u00e0 a l'escola.<\/li><li id=\"field_13_6\" class=\"gfield gfield--type-checkbox gfield--type-choice gfield_contains_required field_sublabel_below gfield--no-description field_description_below hidden_label gfield_visibility_visible\"  data-js-reload=\"field_13_6\" ><label class='gfield_label gform-field-label gfield_label_before_complex' >Privacidad<span class=\"gfield_required\"><span class=\"gfield_required gfield_required_asterisk\">*<\/span><\/span><\/label><div class='ginput_container ginput_container_checkbox'><ul class='gfield_checkbox' id='input_13_6'><li class='gchoice gchoice_13_6_1'>\n\t\t\t\t\t\t\t\t<input class='gfield-choice-input' name='input_6.1' type='checkbox'  value='true'  id='choice_13_6_1'   \/>\n\t\t\t\t\t\t\t\t<label for='choice_13_6_1' id='label_13_6_1' class='gform-field-label gform-field-label--type-inline'>Al usar este formulario accedes al almacenamiento y gesti\u00f3n de tus datos por parte de esta web. <abbr class=\"wpgdprc-required\" title=\"Tienes que aceptar esta casilla.\">*<\/abbr><\/label>\n\t\t\t\t\t\t\t<\/li><\/ul><\/div><\/li><li id=\"field_13_7\" class=\"gfield gfield--type-honeypot gform_validation_container field_sublabel_below gfield--has-description field_description_below gfield_visibility_visible\"  data-js-reload=\"field_13_7\" ><label class='gfield_label gform-field-label' for='input_13_7'>Comments<\/label><div class='ginput_container'><input name='input_7' id='input_13_7' type='text' value='' autocomplete='new-password'\/><\/div><div class='gfield_description' id='gfield_description_13_7'>Aquest camp nom\u00e9s \u00e9s per validaci\u00f3 i no s'ha de modificar.<\/div><\/li><\/ul><\/div>\n        <div class='gform_footer top_label'> <input type='submit' id='gform_submit_button_13' class='gform_button button' value='Enviar'  onclick='if(window[\"gf_submitting_13\"]){return false;}  if( !jQuery(\"#gform_13\")[0].checkValidity || jQuery(\"#gform_13\")[0].checkValidity()){window[\"gf_submitting_13\"]=true;}  ' onkeypress='if( event.keyCode == 13 ){ if(window[\"gf_submitting_13\"]){return false;} if( !jQuery(\"#gform_13\")[0].checkValidity || jQuery(\"#gform_13\")[0].checkValidity()){window[\"gf_submitting_13\"]=true;}  jQuery(\"#gform_13\").trigger(\"submit\",[true]); }' \/> \n            <input type='hidden' class='gform_hidden' name='is_submit_13' value='1' \/>\n            <input type='hidden' class='gform_hidden' name='gform_submit' value='13' \/>\n            \n            <input type='hidden' class='gform_hidden' name='gform_unique_id' value='' \/>\n            <input type='hidden' class='gform_hidden' name='state_13' value='WyJbXSIsIjFhYmFhYWNjZjI0OWRjMDk1ZGMyOWMzNTUwNGY5ODcxIl0=' \/>\n            <input type='hidden' class='gform_hidden' name='gform_target_page_number_13' id='gform_target_page_number_13' value='0' \/>\n            <input type='hidden' class='gform_hidden' name='gform_source_page_number_13' id='gform_source_page_number_13' value='1' \/>\n            <input type='hidden' name='gform_field_values' value='' \/>\n            \n        <\/div>\n                        <\/form>\n                        <\/div><script type=\"text\/javascript\">\n\/* <![CDATA[ *\/\n gform.initializeOnLoaded( function() {gformInitSpinner( 13, 'https:\/\/gerar.net\/wp-content\/plugins\/gravityforms\/images\/spinner.svg', true );jQuery('#gform_ajax_frame_13').on('load',function(){var contents = jQuery(this).contents().find('*').html();var is_postback = contents.indexOf('GF_AJAX_POSTBACK') >= 0;if(!is_postback){return;}var form_content = jQuery(this).contents().find('#gform_wrapper_13');var is_confirmation = jQuery(this).contents().find('#gform_confirmation_wrapper_13').length > 0;var is_redirect = contents.indexOf('gformRedirect(){') >= 0;var is_form = form_content.length > 0 && ! is_redirect && ! is_confirmation;var mt = parseInt(jQuery('html').css('margin-top'), 10) + parseInt(jQuery('body').css('margin-top'), 10) + 100;if(is_form){jQuery('#gform_wrapper_13').html(form_content.html());if(form_content.hasClass('gform_validation_error')){jQuery('#gform_wrapper_13').addClass('gform_validation_error');} else {jQuery('#gform_wrapper_13').removeClass('gform_validation_error');}setTimeout( function() { \/* delay the scroll by 50 milliseconds to fix a bug in chrome *\/  }, 50 );if(window['gformInitDatepicker']) {gformInitDatepicker();}if(window['gformInitPriceFields']) {gformInitPriceFields();}var current_page = jQuery('#gform_source_page_number_13').val();gformInitSpinner( 13, 'https:\/\/gerar.net\/wp-content\/plugins\/gravityforms\/images\/spinner.svg', true );jQuery(document).trigger('gform_page_loaded', [13, current_page]);window['gf_submitting_13'] = false;}else if(!is_redirect){var confirmation_content = jQuery(this).contents().find('.GF_AJAX_POSTBACK').html();if(!confirmation_content){confirmation_content = contents;}setTimeout(function(){jQuery('#gform_wrapper_13').replaceWith(confirmation_content);jQuery(document).trigger('gform_confirmation_loaded', [13]);window['gf_submitting_13'] = false;wp.a11y.speak(jQuery('#gform_confirmation_message_13').text());}, 50);}else{jQuery('#gform_13').append(contents);if(window['gformRedirect']) {gformRedirect();}}jQuery(document).trigger('gform_post_render', [13, current_page]);gform.utils.trigger({ event: 'gform\/postRender', native: false, data: { formId: 13, currentPage: current_page } });} );} ); \n\/* ]]> *\/\n<\/script>\n\n","protected":false},"excerpt":{"rendered":"","protected":false},"author":5,"featured_media":0,"parent":0,"menu_order":0,"comment_status":"closed","ping_status":"closed","template":"","meta":{"_joinchat":[],"footnotes":""},"class_list":["post-2241","page","type-page","status-publish","hentry"],"yoast_head":"<!-- This site is optimized with the Yoast SEO plugin v25.2 - https:\/\/yoast.com\/wordpress\/plugins\/seo\/ -->\n<title>Formulari inscripci\u00f3 Xin\u00e8s V - Escola Gerar<\/title>\n<meta name=\"robots\" content=\"index, follow, max-snippet:-1, max-image-preview:large, max-video-preview:-1\" \/>\n<link rel=\"canonical\" href=\"https:\/\/gerar.net\/ca\/formulari-inscripcio-xines-v\/\" \/>\n<meta property=\"og:locale\" content=\"ca_ES\" \/>\n<meta property=\"og:type\" content=\"article\" \/>\n<meta property=\"og:title\" content=\"Formulari inscripci\u00f3 Xin\u00e8s V - Escola Gerar\" \/>\n<meta property=\"og:url\" content=\"https:\/\/gerar.net\/ca\/formulari-inscripcio-xines-v\/\" \/>\n<meta property=\"og:site_name\" content=\"Curs de Xin\u00e8s\" \/>\n<meta property=\"article:publisher\" content=\"https:\/\/www.facebook.com\/escuelagerar\" \/>\n<meta property=\"og:image\" content=\"https:\/\/gerar.net\/wp-content\/uploads\/2025\/06\/academia-chino-gerar-1024x576.png\" \/>\n\t<meta property=\"og:image:width\" content=\"1024\" \/>\n\t<meta property=\"og:image:height\" content=\"576\" \/>\n\t<meta property=\"og:image:type\" content=\"image\/png\" \/>\n<meta name=\"twitter:card\" content=\"summary_large_image\" \/>\n<meta name=\"twitter:site\" content=\"@EscuelaGerar\" \/>\n<script type=\"application\/ld+json\" class=\"yoast-schema-graph\">{\"@context\":\"https:\/\/schema.org\",\"@graph\":[{\"@type\":\"WebPage\",\"@id\":\"https:\/\/gerar.net\/ca\/formulari-inscripcio-xines-v\/\",\"url\":\"https:\/\/gerar.net\/ca\/formulari-inscripcio-xines-v\/\",\"name\":\"Formulari inscripci\u00f3 Xin\u00e8s V - Escola Gerar\",\"isPartOf\":{\"@id\":\"https:\/\/gerar.net\/ca\/#website\"},\"datePublished\":\"2018-06-05T10:10:27+00:00\",\"breadcrumb\":{\"@id\":\"https:\/\/gerar.net\/ca\/formulari-inscripcio-xines-v\/#breadcrumb\"},\"inLanguage\":\"ca\",\"potentialAction\":[{\"@type\":\"ReadAction\",\"target\":[\"https:\/\/gerar.net\/ca\/formulari-inscripcio-xines-v\/\"]}]},{\"@type\":\"BreadcrumbList\",\"@id\":\"https:\/\/gerar.net\/ca\/formulari-inscripcio-xines-v\/#breadcrumb\",\"itemListElement\":[{\"@type\":\"ListItem\",\"position\":1,\"name\":\"Portada\",\"item\":\"https:\/\/gerar.net\/ca\/\"},{\"@type\":\"ListItem\",\"position\":2,\"name\":\"Formulari inscripci\u00f3 Xin\u00e8s V\"}]},{\"@type\":\"WebSite\",\"@id\":\"https:\/\/gerar.net\/ca\/#website\",\"url\":\"https:\/\/gerar.net\/ca\/\",\"name\":\"Gerar - Escuela de lengua y cultura China\",\"description\":\"Escola de Xin\u00e8s\",\"publisher\":{\"@id\":\"https:\/\/gerar.net\/ca\/#organization\"},\"alternateName\":\"Gerar\",\"potentialAction\":[{\"@type\":\"SearchAction\",\"target\":{\"@type\":\"EntryPoint\",\"urlTemplate\":\"https:\/\/gerar.net\/ca\/?s={search_term_string}\"},\"query-input\":{\"@type\":\"PropertyValueSpecification\",\"valueRequired\":true,\"valueName\":\"search_term_string\"}}],\"inLanguage\":\"ca\"},{\"@type\":\"Organization\",\"@id\":\"https:\/\/gerar.net\/ca\/#organization\",\"name\":\"Gerar\",\"url\":\"https:\/\/gerar.net\/ca\/\",\"logo\":{\"@type\":\"ImageObject\",\"inLanguage\":\"ca\",\"@id\":\"https:\/\/gerar.net\/ca\/#\/schema\/logo\/image\/\",\"url\":\"https:\/\/gerar.net\/wp-content\/uploads\/2014\/03\/logo_web_2x.jpg\",\"contentUrl\":\"https:\/\/gerar.net\/wp-content\/uploads\/2014\/03\/logo_web_2x.jpg\",\"width\":360,\"height\":162,\"caption\":\"Gerar\"},\"image\":{\"@id\":\"https:\/\/gerar.net\/ca\/#\/schema\/logo\/image\/\"},\"sameAs\":[\"https:\/\/www.facebook.com\/escuelagerar\",\"https:\/\/x.com\/EscuelaGerar\",\"http:\/\/es.linkedin.com\/pub\/weimin-shang-hu\/26\/716\/564\"]}]}<\/script>\n<!-- \/ Yoast SEO plugin. -->","yoast_head_json":{"title":"Formulari inscripci\u00f3 Xin\u00e8s V - Escola Gerar","robots":{"index":"index","follow":"follow","max-snippet":"max-snippet:-1","max-image-preview":"max-image-preview:large","max-video-preview":"max-video-preview:-1"},"canonical":"https:\/\/gerar.net\/ca\/formulari-inscripcio-xines-v\/","og_locale":"ca_ES","og_type":"article","og_title":"Formulari inscripci\u00f3 Xin\u00e8s V - Escola Gerar","og_url":"https:\/\/gerar.net\/ca\/formulari-inscripcio-xines-v\/","og_site_name":"Curs de Xin\u00e8s","article_publisher":"https:\/\/www.facebook.com\/escuelagerar","og_image":[{"width":1024,"height":576,"url":"https:\/\/gerar.net\/wp-content\/uploads\/2025\/06\/academia-chino-gerar-1024x576.png","type":"image\/png"}],"twitter_card":"summary_large_image","twitter_site":"@EscuelaGerar","schema":{"@context":"https:\/\/schema.org","@graph":[{"@type":"WebPage","@id":"https:\/\/gerar.net\/ca\/formulari-inscripcio-xines-v\/","url":"https:\/\/gerar.net\/ca\/formulari-inscripcio-xines-v\/","name":"Formulari inscripci\u00f3 Xin\u00e8s V - Escola Gerar","isPartOf":{"@id":"https:\/\/gerar.net\/ca\/#website"},"datePublished":"2018-06-05T10:10:27+00:00","breadcrumb":{"@id":"https:\/\/gerar.net\/ca\/formulari-inscripcio-xines-v\/#breadcrumb"},"inLanguage":"ca","potentialAction":[{"@type":"ReadAction","target":["https:\/\/gerar.net\/ca\/formulari-inscripcio-xines-v\/"]}]},{"@type":"BreadcrumbList","@id":"https:\/\/gerar.net\/ca\/formulari-inscripcio-xines-v\/#breadcrumb","itemListElement":[{"@type":"ListItem","position":1,"name":"Portada","item":"https:\/\/gerar.net\/ca\/"},{"@type":"ListItem","position":2,"name":"Formulari inscripci\u00f3 Xin\u00e8s V"}]},{"@type":"WebSite","@id":"https:\/\/gerar.net\/ca\/#website","url":"https:\/\/gerar.net\/ca\/","name":"Gerar - Escuela de lengua y cultura China","description":"Escola de Xin\u00e8s","publisher":{"@id":"https:\/\/gerar.net\/ca\/#organization"},"alternateName":"Gerar","potentialAction":[{"@type":"SearchAction","target":{"@type":"EntryPoint","urlTemplate":"https:\/\/gerar.net\/ca\/?s={search_term_string}"},"query-input":{"@type":"PropertyValueSpecification","valueRequired":true,"valueName":"search_term_string"}}],"inLanguage":"ca"},{"@type":"Organization","@id":"https:\/\/gerar.net\/ca\/#organization","name":"Gerar","url":"https:\/\/gerar.net\/ca\/","logo":{"@type":"ImageObject","inLanguage":"ca","@id":"https:\/\/gerar.net\/ca\/#\/schema\/logo\/image\/","url":"https:\/\/gerar.net\/wp-content\/uploads\/2014\/03\/logo_web_2x.jpg","contentUrl":"https:\/\/gerar.net\/wp-content\/uploads\/2014\/03\/logo_web_2x.jpg","width":360,"height":162,"caption":"Gerar"},"image":{"@id":"https:\/\/gerar.net\/ca\/#\/schema\/logo\/image\/"},"sameAs":["https:\/\/www.facebook.com\/escuelagerar","https:\/\/x.com\/EscuelaGerar","http:\/\/es.linkedin.com\/pub\/weimin-shang-hu\/26\/716\/564"]}]}},"_links":{"self":[{"href":"https:\/\/gerar.net\/ca\/wp-json\/wp\/v2\/pages\/2241","targetHints":{"allow":["GET"]}}],"collection":[{"href":"https:\/\/gerar.net\/ca\/wp-json\/wp\/v2\/pages"}],"about":[{"href":"https:\/\/gerar.net\/ca\/wp-json\/wp\/v2\/types\/page"}],"author":[{"embeddable":true,"href":"https:\/\/gerar.net\/ca\/wp-json\/wp\/v2\/users\/5"}],"replies":[{"embeddable":true,"href":"https:\/\/gerar.net\/ca\/wp-json\/wp\/v2\/comments?post=2241"}],"version-history":[{"count":1,"href":"https:\/\/gerar.net\/ca\/wp-json\/wp\/v2\/pages\/2241\/revisions"}],"predecessor-version":[{"id":2242,"href":"https:\/\/gerar.net\/ca\/wp-json\/wp\/v2\/pages\/2241\/revisions\/2242"}],"wp:attachment":[{"href":"https:\/\/gerar.net\/ca\/wp-json\/wp\/v2\/media?parent=2241"}],"curies":[{"name":"wp","href":"https:\/\/api.w.org\/{rel}","templated":true}]}}