{"id":337,"date":"2014-04-23T15:29:01","date_gmt":"2014-04-23T15:29:01","guid":{"rendered":"http:\/\/10.1.1.67:8087\/?page_id=337"},"modified":"2025-06-05T11:39:57","modified_gmt":"2025-06-05T10:39:57","slug":"home-2","status":"publish","type":"page","link":"https:\/\/gerar.net\/ca\/","title":{"rendered":"Home"},"content":{"rendered":"\n\t\t\t<!-- START home_ca REVOLUTION SLIDER 6.1.5 --><p class=\"rs-p-wp-fix\"><\/p>\n\t\t\t<rs-module-wrap id=\"rev_slider_2_1_wrapper\" data-source=\"gallery\" style=\"background:transparent;padding:0;margin:0px auto;margin-top:0;margin-bottom:0;\">\n\t\t\t\t<rs-module id=\"rev_slider_2_1\" style=\"display:none;\" data-version=\"6.1.5\">\n\t\t\t\t\t<rs-slides>\n\t\t\t\t\t\t<rs-slide data-key=\"rs-4\" data-title=\"1\" data-anim=\"ei:d;eo:d;s:1000;r:0;t:fade;sl:0;\">\n\t\t\t\t\t\t\t<img loading=\"lazy\" decoding=\"async\" src=\"\/\/gerar.net\/wp-content\/uploads\/2025\/06\/academia-chino-gerar-sabadell.jpg\" title=\"academia chino gerar sabadell\" width=\"1920\" height=\"1080\" data-bg=\"p:center top;\" class=\"rev-slidebg\" data-no-retina>\n<!--\n\t\t\t\t\t\t\t--><rs-layer\n\t\t\t\t\t\t\t\tid=\"slider-2-slide-4-layer-0\" \n\t\t\t\t\t\t\t\tdata-type=\"text\"\n\t\t\t\t\t\t\t\tdata-color=\"#ff3a2d\"\n\t\t\t\t\t\t\t\tdata-rsp_ch=\"on\"\n\t\t\t\t\t\t\t\tdata-xy=\"xo:763px,630px,630px,630px;yo:124px,102px,102px,102px;\"\n\t\t\t\t\t\t\t\tdata-text=\"w:normal;s:42,34,34,34;l:50,41,41,41;a:center;\"\n\t\t\t\t\t\t\t\tdata-dim=\"w:426px,351px,351px,351px;\"\n\t\t\t\t\t\t\t\tdata-frame_999=\"o:0;st:w;\"\n\t\t\t\t\t\t\t\tstyle=\"z-index:5;font-family:Roboto;\"\n\t\t\t\t\t\t\t>CURSOS DE XIN\u00c8S PER A NENS I ADULTS \n\t\t\t\t\t\t\t<\/rs-layer><!--\n-->\t\t\t\t\t\t<\/rs-slide>\n\t\t\t\t\t\t<rs-slide data-key=\"rs-5\" data-title=\"ni\u00f1os\" data-anim=\"ei:d;eo:d;s:1000;r:0;t:fade;sl:0;\">\n\t\t\t\t\t\t\t<img loading=\"lazy\" decoding=\"async\" src=\"\/\/gerar.net\/wp-content\/uploads\/2025\/06\/aprender-chino-academia.png\" title=\"aprender chino academia\" width=\"1920\" height=\"1080\" data-bg=\"p:center top;\" class=\"rev-slidebg\" data-no-retina>\n<!---->\t\t\t\t\t\t<\/rs-slide>\n\t\t\t\t\t\t<rs-slide data-key=\"rs-6\" data-title=\"cursos\" data-anim=\"ei:d;eo:d;s:1000;r:0;t:fade;sl:0;\">\n\t\t\t\t\t\t\t<img loading=\"lazy\" decoding=\"async\" src=\"\/\/gerar.net\/wp-content\/uploads\/2025\/06\/chino-profesor-nativo.png\" title=\"chino profesor nativo\" width=\"1920\" height=\"1080\" data-bg=\"p:center top;\" class=\"rev-slidebg\" data-no-retina>\n<!---->\t\t\t\t\t\t<\/rs-slide>\n\t\t\t\t\t<\/rs-slides>\n\t\t\t\t\t<rs-progress class=\"rs-bottom\" style=\"visibility: hidden !important;\"><\/rs-progress>\n\t\t\t\t<\/rs-module>\n\t\t\t\t<script type=\"text\/javascript\">\n\t\t\t\t\tsetREVStartSize({c: 'rev_slider_2_1',rl:[1240,1024,1024,1024],el:[600,768,768,768],gw:[1240,1024,1024,1024],gh:[600,768,768,768],layout:'fullwidth',mh:\"0\"});\n\t\t\t\t\tvar\trevapi2,\n\t\t\t\t\t\ttpj;\n\t\t\t\t\tjQuery(function() {\n\t\t\t\t\t\ttpj = jQuery;\n\t\t\t\t\t\tif(tpj(\"#rev_slider_2_1\").revolution == undefined){\n\t\t\t\t\t\t\trevslider_showDoubleJqueryError(\"#rev_slider_2_1\");\n\t\t\t\t\t\t}else{\n\t\t\t\t\t\t\trevapi2 = tpj(\"#rev_slider_2_1\").show().revolution({\n\t\t\t\t\t\t\t\tjsFileLocation:\"\/\/gerar.net\/wp-content\/plugins\/revslider\/public\/assets\/js\/\",\n\t\t\t\t\t\t\t\tsliderLayout:\"fullwidth\",\n\t\t\t\t\t\t\t\tvisibilityLevels:\"1240,1024,1024,1024\",\n\t\t\t\t\t\t\t\tgridwidth:\"1240,1024,1024,1024\",\n\t\t\t\t\t\t\t\tgridheight:\"600,768,768,768\",\n\t\t\t\t\t\t\t\tminHeight:\"\",\n\t\t\t\t\t\t\t\tspinner:\"spinner0\",\n\t\t\t\t\t\t\t\teditorheight:\"600,768,960,720\",\n\t\t\t\t\t\t\t\tresponsiveLevels:\"1240,1024,1024,1024\",\n\t\t\t\t\t\t\t\tdisableProgressBar:\"on\",\n\t\t\t\t\t\t\t\tnavigation: {\n\t\t\t\t\t\t\t\t\tonHoverStop:false\n\t\t\t\t\t\t\t\t},\n\t\t\t\t\t\t\t\tfallbacks: {\n\t\t\t\t\t\t\t\t\tallowHTML5AutoPlayOnAndroid:true\n\t\t\t\t\t\t\t\t},\n\t\t\t\t\t\t\t});\n\t\t\t\t\t\t}\n\t\t\t\t\t\t\n\t\t\t\t\t});\n\t\t\t\t<\/script>\n\t\t\t<\/rs-module-wrap>\n\t\t\t<!-- END REVOLUTION SLIDER -->\n\n<div class=\"sota_slider\">\n<div class=\"section \" style=\"background-color: #ffffff; border: none; padding: 40px 0; \">\n<div class=\"container clearfix\">\n<div class=\"sixteen columns\">\n<h1 class=\"title\"><span>Escola de Xin\u00e8s i centre cultural<\/span><\/h1>\n<h4 class=\"title\"><span>Gerar \u00e9s un centre dedicat al desenvolupament i la propagaci\u00f3 de la cultura xinesa. Disposem d&#8217;un experimentat i qualificat grup docent amb professorat natiu.<\/span><\/h4>\n<\/div>\n<\/div>\n<\/div>\n<\/div>\n<div class=\"hr hr1\" style='margin:10px 0px 40px 0px !important;'><\/div>\n<div class=\"section \" style=\"background-color: #ffffff; border: none; padding: ; \">\n<div class=\"container clearfix\">\n<div class=\"sixteen columns\">\n<div class=\"one_third\">\n<div class=\"iconbox\"><span class=\"iconbox-users\"><\/span><\/p>\n<h3>Cursos de Xin\u00e8s per a nens<\/h3>\n<p>Classes interactives dissenyades especialment per a nens a partir de 6 anys. Inclou preparaci\u00f3 YCT.<\/p>\n<div class=\"gap\" style=\"height: 10px;\"><\/div>\n<p><a href=\"https:\/\/gerar.net\/ca\/cursos-per-a-nens\/\">Veure horari de cursos \u2192<\/a>\n<\/div>\n<div class=\"gap\" style=\"height: 10px;\"><\/div>\n<\/div>\n<div class=\"one_third\">\n<div class=\"iconbox\"><span class=\"iconbox-globe\"><\/span><\/p>\n<h3>Cursos de xin\u00e8s per adults<\/h3>\n<p>El programa inclou llengua oral, estudi dels car\u00e0cters xinesos, lectura, escriptura, vocabulari, gram\u00e0tica. Inclou preparaci\u00f3 HSK.<\/p>\n<div class=\"gap\" style=\"height: 10px;\"><\/div>\n<p><a href=\"https:\/\/gerar.net\/ca\/cursos-per-a-adults\/\">Veure horari de cursos \u2192<\/a>\n<\/div>\n<div class=\"gap\" style=\"height: 10px;\"><\/div>\n<\/div>\n<div class=\"one_third last\">\n<div class=\"iconbox\"><span class=\"iconbox-splash\"><\/span><\/p>\n<h3>Supera l&#8217;examen HSK i YCT amb \u00e8xit<\/h3>\n<p>Cursos orientats a la preparaci\u00f3 del HSK i YCT que t&#8217;ajudaran a aprofitar al m\u00e0xim el teu temps d&#8217;estudi.<\/p>\n<div class=\"gap\" style=\"height: 10px;\"><\/div>\n<p><a href=\"https:\/\/gerar.net\/ca\/hsk\/\">Veure material \u2192<\/a>\n<\/div>\n<div class=\"gap\" style=\"height: 10px;\"><\/div>\n<\/div>\n<div class=\"clear\"><\/div>\n<\/div>\n<\/div>\n<\/div>\n<div class=\"hr hr1\" style='margin:10px 0px 0px 0px !important;'><\/div>\n<div class=\"section \" style=\"background-color: #f9f9f9; border: none; padding: 40px 0; \">\n<div class=\"container clearfix\">\n<div class=\"sixteen columns\">\n<h2 class=\"title\"><span>L&#8217;opini\u00f3 dels nostres alumnes<\/span><\/h2>\n<div class=\"one_third\">\n<div class=\"testimonial\">&#8220;Despr\u00e9s de 3 anys estudiant a GERAR puc dir que una se sent com a casa i en tot moment s&#8217;han adaptat a les necessitats de cada alumne en particular. Crec que el tracte familiar, l&#8217;atenci\u00f3 personalitzada i el contacte amb la cultura xinesa converteixen aquesta escola en \u00fanica.&#8221;<\/div>\n<div class=\"testimonial-author\">Aida Marzo, 25 a\u00f1os<\/div>\n<\/div>\n<div class=\"one_third\">\n<div class=\"testimonial\">&#8220;Ja fa 3 anys que estudio xin\u00e8s a Gerar i estic molt satisfet, l&#8217;ambient \u00e9s familiar i agradable i els professors tenen molta paci\u00e8ncia i s&#8217;adapten al ritme de cada alumne.&#8221;<\/div>\n<div class=\"testimonial-author\">Manel Barrios, 51 a\u00f1os<\/div>\n<\/div>\n<div class=\"one_third last\">\n<div class=\"testimonial\">&#8220;Porto un any estudiant a Gerar. L&#8217;equip docent \u00e9s molt professional i es preocupa per l&#8217;aprenentatge dels alumnes. L&#8217;ambient \u00e9s am\u00e8 i les classes s\u00f3n divertides, din\u00e0miques i entretingudes. L&#8217;idioma xin\u00e8s s&#8217;apr\u00e8n amb facilitat.&#8221;<\/div>\n<div class=\"testimonial-author\">Jos\u00e9 Mar\u00eda Mart\u00ednez, 39 a\u00f1os<\/div>\n<\/div>\n<div class=\"clear\"><\/div>\n<\/div>\n<\/div>\n<\/div>\n","protected":false},"excerpt":{"rendered":"<p>Escola de Xin\u00e8s i centre cultural Gerar \u00e9s un centre dedicat al desenvolupament i la propagaci\u00f3 de la cultura xinesa. Disposem d&#8217;un experimentat i qualificat grup docent amb professorat natiu. Cursos de Xin\u00e8s per a nens Classes interactives dissenyades especialment per a nens a partir de 6 anys. Inclou preparaci\u00f3 [&hellip;]<\/p>\n","protected":false},"author":2,"featured_media":0,"parent":0,"menu_order":0,"comment_status":"closed","ping_status":"closed","template":"page-section.php","meta":{"_joinchat":[],"footnotes":""},"class_list":["post-337","page","type-page","status-publish","hentry"],"yoast_head":"<!-- This site is optimized with the Yoast SEO plugin v25.2 - https:\/\/yoast.com\/wordpress\/plugins\/seo\/ -->\n<title>i centre cultural a Sabadell - Escola Gerar<\/title>\n<meta name=\"description\" content=\"Gerar \u00e9s un centre dedicat al desenvolupament i la propagaci\u00f3 de la cultura xinesa. Disposem d\u00b4un experimentat i qualificat grup docent amb professorat nadiu.\" \/>\n<meta name=\"robots\" content=\"index, follow, max-snippet:-1, max-image-preview:large, max-video-preview:-1\" \/>\n<link rel=\"canonical\" href=\"https:\/\/gerar.net\/ca\/\" \/>\n<meta property=\"og:locale\" content=\"ca_ES\" \/>\n<meta property=\"og:type\" content=\"article\" \/>\n<meta property=\"og:title\" content=\"i centre cultural a Sabadell - Escola Gerar\" \/>\n<meta property=\"og:description\" content=\"Gerar \u00e9s un centre dedicat al desenvolupament i la propagaci\u00f3 de la cultura xinesa. Disposem d\u00b4un experimentat i qualificat grup docent amb professorat nadiu.\" \/>\n<meta property=\"og:url\" content=\"https:\/\/gerar.net\/ca\/\" \/>\n<meta property=\"og:site_name\" content=\"Curs de Xin\u00e8s\" \/>\n<meta property=\"article:publisher\" content=\"https:\/\/www.facebook.com\/escuelagerar\" \/>\n<meta property=\"article:modified_time\" content=\"2025-06-05T10:39:57+00:00\" \/>\n<meta property=\"og:image\" content=\"https:\/\/gerar.net\/wp-content\/uploads\/2025\/06\/academia-chino-gerar-1024x576.png\" \/>\n\t<meta property=\"og:image:width\" content=\"1024\" \/>\n\t<meta property=\"og:image:height\" content=\"576\" \/>\n\t<meta property=\"og:image:type\" content=\"image\/png\" \/>\n<meta name=\"twitter:card\" content=\"summary_large_image\" \/>\n<meta name=\"twitter:site\" content=\"@EscuelaGerar\" \/>\n<meta name=\"twitter:label1\" content=\"Temps estimat de lectura\" \/>\n\t<meta name=\"twitter:data1\" content=\"2 minuts\" \/>\n<script type=\"application\/ld+json\" class=\"yoast-schema-graph\">{\"@context\":\"https:\/\/schema.org\",\"@graph\":[{\"@type\":\"WebPage\",\"@id\":\"https:\/\/gerar.net\/ca\/\",\"url\":\"https:\/\/gerar.net\/ca\/\",\"name\":\"i centre cultural a Sabadell - Escola Gerar\",\"isPartOf\":{\"@id\":\"https:\/\/gerar.net\/ca\/#website\"},\"datePublished\":\"2014-04-23T15:29:01+00:00\",\"dateModified\":\"2025-06-05T10:39:57+00:00\",\"description\":\"Gerar \u00e9s un centre dedicat al desenvolupament i la propagaci\u00f3 de la cultura xinesa. Disposem d\u00b4un experimentat i qualificat grup docent amb professorat nadiu.\",\"breadcrumb\":{\"@id\":\"https:\/\/gerar.net\/ca\/#breadcrumb\"},\"inLanguage\":\"ca\",\"potentialAction\":[{\"@type\":\"ReadAction\",\"target\":[\"https:\/\/gerar.net\/ca\/\"]}]},{\"@type\":\"BreadcrumbList\",\"@id\":\"https:\/\/gerar.net\/ca\/#breadcrumb\",\"itemListElement\":[{\"@type\":\"ListItem\",\"position\":1,\"name\":\"Portada\",\"item\":\"https:\/\/gerar.net\/ca\/\"},{\"@type\":\"ListItem\",\"position\":2,\"name\":\"Home\"}]},{\"@type\":\"WebSite\",\"@id\":\"https:\/\/gerar.net\/ca\/#website\",\"url\":\"https:\/\/gerar.net\/ca\/\",\"name\":\"Gerar - Escuela de lengua y cultura China\",\"description\":\"Escola de Xin\u00e8s\",\"publisher\":{\"@id\":\"https:\/\/gerar.net\/ca\/#organization\"},\"alternateName\":\"Gerar\",\"potentialAction\":[{\"@type\":\"SearchAction\",\"target\":{\"@type\":\"EntryPoint\",\"urlTemplate\":\"https:\/\/gerar.net\/ca\/?s={search_term_string}\"},\"query-input\":{\"@type\":\"PropertyValueSpecification\",\"valueRequired\":true,\"valueName\":\"search_term_string\"}}],\"inLanguage\":\"ca\"},{\"@type\":\"Organization\",\"@id\":\"https:\/\/gerar.net\/ca\/#organization\",\"name\":\"Gerar\",\"url\":\"https:\/\/gerar.net\/ca\/\",\"logo\":{\"@type\":\"ImageObject\",\"inLanguage\":\"ca\",\"@id\":\"https:\/\/gerar.net\/ca\/#\/schema\/logo\/image\/\",\"url\":\"https:\/\/gerar.net\/wp-content\/uploads\/2014\/03\/logo_web_2x.jpg\",\"contentUrl\":\"https:\/\/gerar.net\/wp-content\/uploads\/2014\/03\/logo_web_2x.jpg\",\"width\":360,\"height\":162,\"caption\":\"Gerar\"},\"image\":{\"@id\":\"https:\/\/gerar.net\/ca\/#\/schema\/logo\/image\/\"},\"sameAs\":[\"https:\/\/www.facebook.com\/escuelagerar\",\"https:\/\/x.com\/EscuelaGerar\",\"http:\/\/es.linkedin.com\/pub\/weimin-shang-hu\/26\/716\/564\"]}]}<\/script>\n<!-- \/ Yoast SEO plugin. -->","yoast_head_json":{"title":"i centre cultural a Sabadell - Escola Gerar","description":"Gerar \u00e9s un centre dedicat al desenvolupament i la propagaci\u00f3 de la cultura xinesa. Disposem d\u00b4un experimentat i qualificat grup docent amb professorat nadiu.","robots":{"index":"index","follow":"follow","max-snippet":"max-snippet:-1","max-image-preview":"max-image-preview:large","max-video-preview":"max-video-preview:-1"},"canonical":"https:\/\/gerar.net\/ca\/","og_locale":"ca_ES","og_type":"article","og_title":"i centre cultural a Sabadell - Escola Gerar","og_description":"Gerar \u00e9s un centre dedicat al desenvolupament i la propagaci\u00f3 de la cultura xinesa. Disposem d\u00b4un experimentat i qualificat grup docent amb professorat nadiu.","og_url":"https:\/\/gerar.net\/ca\/","og_site_name":"Curs de Xin\u00e8s","article_publisher":"https:\/\/www.facebook.com\/escuelagerar","article_modified_time":"2025-06-05T10:39:57+00:00","og_image":[{"width":1024,"height":576,"url":"https:\/\/gerar.net\/wp-content\/uploads\/2025\/06\/academia-chino-gerar-1024x576.png","type":"image\/png"}],"twitter_card":"summary_large_image","twitter_site":"@EscuelaGerar","twitter_misc":{"Temps estimat de lectura":"2 minuts"},"schema":{"@context":"https:\/\/schema.org","@graph":[{"@type":"WebPage","@id":"https:\/\/gerar.net\/ca\/","url":"https:\/\/gerar.net\/ca\/","name":"i centre cultural a Sabadell - Escola Gerar","isPartOf":{"@id":"https:\/\/gerar.net\/ca\/#website"},"datePublished":"2014-04-23T15:29:01+00:00","dateModified":"2025-06-05T10:39:57+00:00","description":"Gerar \u00e9s un centre dedicat al desenvolupament i la propagaci\u00f3 de la cultura xinesa. Disposem d\u00b4un experimentat i qualificat grup docent amb professorat nadiu.","breadcrumb":{"@id":"https:\/\/gerar.net\/ca\/#breadcrumb"},"inLanguage":"ca","potentialAction":[{"@type":"ReadAction","target":["https:\/\/gerar.net\/ca\/"]}]},{"@type":"BreadcrumbList","@id":"https:\/\/gerar.net\/ca\/#breadcrumb","itemListElement":[{"@type":"ListItem","position":1,"name":"Portada","item":"https:\/\/gerar.net\/ca\/"},{"@type":"ListItem","position":2,"name":"Home"}]},{"@type":"WebSite","@id":"https:\/\/gerar.net\/ca\/#website","url":"https:\/\/gerar.net\/ca\/","name":"Gerar - Escuela de lengua y cultura China","description":"Escola de Xin\u00e8s","publisher":{"@id":"https:\/\/gerar.net\/ca\/#organization"},"alternateName":"Gerar","potentialAction":[{"@type":"SearchAction","target":{"@type":"EntryPoint","urlTemplate":"https:\/\/gerar.net\/ca\/?s={search_term_string}"},"query-input":{"@type":"PropertyValueSpecification","valueRequired":true,"valueName":"search_term_string"}}],"inLanguage":"ca"},{"@type":"Organization","@id":"https:\/\/gerar.net\/ca\/#organization","name":"Gerar","url":"https:\/\/gerar.net\/ca\/","logo":{"@type":"ImageObject","inLanguage":"ca","@id":"https:\/\/gerar.net\/ca\/#\/schema\/logo\/image\/","url":"https:\/\/gerar.net\/wp-content\/uploads\/2014\/03\/logo_web_2x.jpg","contentUrl":"https:\/\/gerar.net\/wp-content\/uploads\/2014\/03\/logo_web_2x.jpg","width":360,"height":162,"caption":"Gerar"},"image":{"@id":"https:\/\/gerar.net\/ca\/#\/schema\/logo\/image\/"},"sameAs":["https:\/\/www.facebook.com\/escuelagerar","https:\/\/x.com\/EscuelaGerar","http:\/\/es.linkedin.com\/pub\/weimin-shang-hu\/26\/716\/564"]}]}},"_links":{"self":[{"href":"https:\/\/gerar.net\/ca\/wp-json\/wp\/v2\/pages\/337","targetHints":{"allow":["GET"]}}],"collection":[{"href":"https:\/\/gerar.net\/ca\/wp-json\/wp\/v2\/pages"}],"about":[{"href":"https:\/\/gerar.net\/ca\/wp-json\/wp\/v2\/types\/page"}],"author":[{"embeddable":true,"href":"https:\/\/gerar.net\/ca\/wp-json\/wp\/v2\/users\/2"}],"replies":[{"embeddable":true,"href":"https:\/\/gerar.net\/ca\/wp-json\/wp\/v2\/comments?post=337"}],"version-history":[{"count":10,"href":"https:\/\/gerar.net\/ca\/wp-json\/wp\/v2\/pages\/337\/revisions"}],"predecessor-version":[{"id":2592,"href":"https:\/\/gerar.net\/ca\/wp-json\/wp\/v2\/pages\/337\/revisions\/2592"}],"wp:attachment":[{"href":"https:\/\/gerar.net\/ca\/wp-json\/wp\/v2\/media?parent=337"}],"curies":[{"name":"wp","href":"https:\/\/api.w.org\/{rel}","templated":true}]}}