{"id":348,"date":"2014-04-23T16:09:59","date_gmt":"2014-04-23T16:09:59","guid":{"rendered":"http:\/\/10.1.1.67:8087\/?page_id=348"},"modified":"2025-06-05T11:35:14","modified_gmt":"2025-06-05T10:35:14","slug":"cursos-per-a-adults","status":"publish","type":"page","link":"https:\/\/gerar.net\/ca\/cursos-per-a-adults\/","title":{"rendered":"Cursos per a adults"},"content":{"rendered":"<h4>Cursos de xin\u00e8s per a adults<\/h4>\n<p><img loading=\"lazy\" decoding=\"async\" class=\"alignnone size-full wp-image-319\" src=\"https:\/\/gerar.net\/wp-content\/uploads\/2014\/04\/slider-page-adulto.jpg\" alt=\"slider-page-adulto\" width=\"700\" height=\"120\" srcset=\"https:\/\/gerar.net\/wp-content\/uploads\/2014\/04\/slider-page-adulto.jpg 700w, https:\/\/gerar.net\/wp-content\/uploads\/2014\/04\/slider-page-adulto-300x51.jpg 300w, https:\/\/gerar.net\/wp-content\/uploads\/2014\/04\/slider-page-adulto-90x15.jpg 90w, https:\/\/gerar.net\/wp-content\/uploads\/2014\/04\/slider-page-adulto-150x25.jpg 150w\" sizes=\"auto, (max-width: 700px) 100vw, 700px\" \/><\/p>\n<p>L&#8217;escola Gerar organitza cursos de xin\u00e8s per joves i adults. Ja sigui que estiguis buscant millorar les teves habilitats laborals, preparar-te per a un viatge, o simplement t&#8217;encanti aprendre nous idiomes, els nostres cursos estan dissenyats per a ajudar-te a aconseguir les teves metes. Inscriu-te en els nostres cursos de xin\u00e8s avui i descobreix un m\u00f3n ple de noves oportunitats!<\/p>\n<p><span style=\"line-height: 1.5em;\"><\/p>\n<div class='pricing-table col-3-sidebar'><\/span><\/p>\n<div class='plan'>\n<div class='featured' style='background-color:#787878;'>Joves i adults<\/div>\n<div class='plan-head'>\n<h3 style='color:#787878;' >Nivell de xin\u00e8s<\/h3>\n<div class='price' style='color:#787878;' >XIN\u00c8S I <span>inclou preparaci\u00f3 HSK<\/span><\/div>\n<\/div>\n<ul>\n<ul>\n<li>\n<div class=\"row-link\"><a href=\"https:\/\/gerar.net\/wp-content\/uploads\/2014\/03\/adultos_2015.pdf\" target=\"_blank\" rel=\"noopener noreferrer\">Veure temari i metodologia<\/a><\/div>\n<\/li>\n<li>\n<div class=\"row1\">Inici: 06-10-2025<br \/>\nFinal: 29-06-2026<\/div>\n<\/li>\n<li>\n<div class=\"row3\">Professor natiu<\/div>\n<\/li>\n<li>\n<div class=\"row4\">Matr\u00edcula: 100 \u20ac<\/div>\n<\/li>\n<li>\n<div class=\"row5\">Mensualitat: 95 \u20ac<\/div>\n<\/li>\n<li>\n<div class=\"row6\">Material: 55 \u20ac<\/div>\n<\/li>\n<\/ul>\n<div class=\"signup2\">\n<p style=\"margin-bottom: 6px;\">Horari: Dilluns de 19:00 a 21:00h<\/p>\n<p><a class=\"button\" href=\"https:\/\/gerar.net\/ca\/formulari-inscripcio-xines-i\/\">INSCRIURE&#8217;M<\/a><\/p>\n<\/div>\n<\/ul>\n<div class='signup'><a class='button' href='https:\/\/gerar.net\/producto\/curs-adults-xines-i\/'>MATRICULA&#8217;T<span><\/span><\/a><br \/>\n    \t\t\t\t<a href='xx'><span style='color:#eb1b4e'>M\u00e1s Informaci\u00f3n<\/span><\/a><\/div>\n<\/p><\/div>\n<div class='plan'>\n<div class='featured' style='background-color:#5c5c5c;'>Joves i adults<\/div>\n<div class='plan-head'>\n<h3 style='color:#5c5c5c;' >Nivell de xin\u00e8s<\/h3>\n<div class='price' style='color:#5c5c5c;' >XIN\u00c8S II <span>inclou preparaci\u00f3 HSK<\/span><\/div>\n<\/div>\n<ul>\n<ul>\n<li>\n<div class=\"row-link\"><a href=\"https:\/\/gerar.net\/wp-content\/uploads\/2014\/03\/adultos_2015.pdf\" target=\"_blank\" rel=\"noopener noreferrer\">Veure temari i metodologia<\/a><\/div>\n<\/li>\n<li>\n<div class=\"row1\">Inici: 02-09-2025<br \/>\nFinal: 30-06-2026<\/div>\n<\/li>\n<li>\n<div class=\"row3\">Professor natiu<\/div>\n<\/li>\n<li>\n<div class=\"row4\">Matr\u00edcula: 100 \u20ac<\/div>\n<\/li>\n<li>\n<div class=\"row5\">Mensualitat: 95 \u20ac<\/div>\n<\/li>\n<li>\n<div class=\"row6\">Material: 55 \u20ac<\/div>\n<\/li>\n<\/ul>\n<div class=\"signup2\">\n<p style=\"margin-bottom: 6px;\">Horari: Dimarts de 19:00 a 21:00h<\/p>\n<p><a class=\"button\" href=\"https:\/\/gerar.net\/ca\/formulari-inscripcio-xines-ii\/\">INSCRIURE&#8217;M<\/a><\/p>\n<\/div>\n<\/ul>\n<div class='signup'><a class='button' href='https:\/\/gerar.net\/producto\/curs-adults-xines-ii\/'>MATRICULA&#8217;T<span><\/span><\/a><br \/>\n    \t\t\t\t<a href='xx'><span style='color:#eb1b4e'>M\u00e1s Informaci\u00f3n<\/span><\/a><\/div>\n<\/p><\/div>\n<div class='plan'>\n<div class='featured' style='background-color:#a3a3a3;'>Joves i adults<\/div>\n<div class='plan-head'>\n<h3 style='color:#a3a3a3;' >Nivell de xin\u00e8s<\/h3>\n<div class='price' style='color:#a3a3a3;' >XIN\u00c8S III <span>inclou preparaci\u00f3 HSK<\/span><\/div>\n<\/div>\n<ul>\n<ul>\n<li>\n<div class=\"row-link\"><a href=\"https:\/\/gerar.net\/wp-content\/uploads\/2014\/04\/adultos_2015_III_IV.pdf\" target=\"_blank\" rel=\"noopener noreferrer\">Veure temari i metodologia<\/a><\/div>\n<\/li>\n<li>\n<div class=\"row1\">Inici: 03-09-2025<br \/>\nFinal: 17-06-2026<\/div>\n<\/li>\n<li>\n<div class=\"row3\">Professor natiu<\/div>\n<\/li>\n<li>\n<div class=\"row4\">Matr\u00edcula: 100 \u20ac<\/div>\n<\/li>\n<li>\n<div class=\"row5\">Mensualitat: 95 \u20ac<\/div>\n<\/li>\n<li>\n<div class=\"row6\">Material: 55 \u20ac<\/div>\n<\/li>\n<\/ul>\n<div class=\"signup2\">\n<p style=\"margin-bottom: 6px;\">Horari: Dimecres de 19:00 a 21:00h<\/p>\n<p><a class=\"button\" href=\"https:\/\/gerar.net\/ca\/formulari-inscripcio-xines-iii\/\">INSCRIURE&#8217;M<\/a><\/p>\n<\/div>\n<\/ul>\n<div class='signup'><a class='button' href='https:\/\/gerar.net\/producto\/curs-adults-xines-iii\/'>MATRICULA&#8217;T<span><\/span><\/a><br \/>\n    \t\t\t\t<a href='xx'><span style='color:#eb1b4e'>M\u00e1s Informaci\u00f3n<\/span><\/a><\/div>\n<\/p><\/div>\n<\/div>\n<div class='clear'><\/div>\n<div class='pricing-table col-3-sidebar'>\n<div class='plan'>\n<div class='featured' style='background-color:#5c5c5c;'>Joves i adults<\/div>\n<div class='plan-head'>\n<h3 style='color:#5c5c5c;' >Nivell de xin\u00e8s<\/h3>\n<div class='price' style='color:#5c5c5c;' >XIN\u00c8S IV <span>inclou preparaci\u00f3 HSK<\/span><\/div>\n<\/div>\n<ul>\n<ul>\n<li>\n<div class=\"row-link\"><a href=\"https:\/\/gerar.net\/wp-content\/uploads\/2014\/04\/adultos_2015_III_IV.pdf\" target=\"_blank\" rel=\"noopener noreferrer\">Veure temari i metodologia<\/a><\/div>\n<\/li>\n<li>\n<div class=\"row1\">Inici: 04-09-2025<br \/>\nFinal: 25-06-2026<\/div>\n<\/li>\n<li>\n<div class=\"row3\">Professor natiu<\/div>\n<\/li>\n<li>\n<div class=\"row4\">Matr\u00edcula: 100 \u20ac<\/div>\n<\/li>\n<li>\n<div class=\"row5\">Mensualitat: 95 \u20ac<\/div>\n<\/li>\n<li>\n<div class=\"row6\">Material: 55 \u20ac<\/div>\n<\/li>\n<\/ul>\n<div class=\"signup2\">\n<p style=\"margin-bottom: 6px;\">Horari: Dijous de 19:00 a 21:00h<\/p>\n<p><a class=\"button\" href=\"https:\/\/gerar.net\/ca\/formulari-inscripcio-xines-iv\/\">INSCRIURE&#8217;M<\/a><\/p>\n<\/div>\n<\/ul>\n<div class='signup'><a class='button' href='https:\/\/gerar.net\/producto\/curs-adults-xines-iv\/'>MATRICULA&#8217;T<span><\/span><\/a><br \/>\n    \t\t\t\t<a href='xx'><span style='color:#eb1b4e'>M\u00e1s Informaci\u00f3n<\/span><\/a><\/div>\n<\/p><\/div>\n<div class='plan'>\n<div class='featured' style='background-color:222222;'>Classes Particulars<\/div>\n<div class='plan-head'>\n<h3 style='color:222222;' >Si vols atenci\u00f3 personalitzada pots posar-te en contacte amb nosaltres i t&#8217;assessorarem.<\/h3>\n<div class='price' style='color:222222;' > <span><\/span><\/div>\n<\/div>\n<ul>\n<ul>\n<li>\n<div class=\"row-link\">Temari a mida<\/div>\n<\/li>\n<li>\n<div class=\"row2\">Horari personalitzat<\/div>\n<\/li>\n<li>\n<div class=\"row3\">Professor natiu<\/div>\n<\/li>\n<li>\n<div class=\"row4\">Matr\u00edcula: 100 \u20ac<\/div>\n<\/li>\n<li>\n<div class=\"row5\">Mensualitat: A consultar<\/div>\n<\/li>\n<li>\n<div class=\"row6\">Material: 55 \u20ac<\/div>\n<\/li>\n<\/ul>\n<div class=\"signup2\">\n<p style=\"margin-bottom: 6px;\">Horari personalizat<\/p>\n<p><a class=\"button\" href=\"https:\/\/gerar.net\/ca\/contacte\/\">CONTACTE<\/a><\/p>\n<\/div>\n<\/ul>\n<div class='signup'><a class='button' href='https:\/\/gerar.net\/producto\/curs-adults-classes-particulars\/'>MATRICULA&#8217;T<span><\/span><\/a><br \/>\n    \t\t\t\t<a href='xx'><span style='color:#eb1b4e'>M\u00e1s Informaci\u00f3n<\/span><\/a><\/div>\n<\/p><\/div>\n<\/div>\n<div class='clear'><\/div>\n","protected":false},"excerpt":{"rendered":"<p>Cursos de xin\u00e8s per a adults L&#8217;escola Gerar organitza cursos de xin\u00e8s per joves i adults. Ja sigui que estiguis buscant millorar les teves habilitats laborals, preparar-te per a un viatge, o simplement t&#8217;encanti aprendre nous idiomes, els nostres cursos estan dissenyats per a ajudar-te a aconseguir les teves metes. [&hellip;]<\/p>\n","protected":false},"author":2,"featured_media":2651,"parent":0,"menu_order":0,"comment_status":"closed","ping_status":"closed","template":"","meta":{"_joinchat":[],"footnotes":""},"class_list":["post-348","page","type-page","status-publish","has-post-thumbnail","hentry"],"yoast_head":"<!-- This site is optimized with the Yoast SEO plugin v25.2 - https:\/\/yoast.com\/wordpress\/plugins\/seo\/ -->\n<title>per a adults a Sabadell - Escola Gerar<\/title>\n<meta name=\"description\" content=\"L&#039;escola Gerar organitza cursos de xin\u00e8s per a joves i adults. Inscriu-te al nostre curs de xin\u00e8s avui i descobreix un m\u00f3n ple de noves oportunitats.\" \/>\n<meta name=\"robots\" content=\"index, follow, max-snippet:-1, max-image-preview:large, max-video-preview:-1\" \/>\n<link rel=\"canonical\" href=\"https:\/\/gerar.net\/ca\/cursos-per-a-adults\/\" \/>\n<meta property=\"og:locale\" content=\"ca_ES\" \/>\n<meta property=\"og:type\" content=\"article\" \/>\n<meta property=\"og:title\" content=\"per a adults a Sabadell - Escola Gerar\" \/>\n<meta property=\"og:description\" content=\"L&#039;escola Gerar organitza cursos de xin\u00e8s per a joves i adults. Inscriu-te al nostre curs de xin\u00e8s avui i descobreix un m\u00f3n ple de noves oportunitats.\" \/>\n<meta property=\"og:url\" content=\"https:\/\/gerar.net\/ca\/cursos-per-a-adults\/\" \/>\n<meta property=\"og:site_name\" content=\"Curs de Xin\u00e8s\" \/>\n<meta property=\"article:publisher\" content=\"https:\/\/www.facebook.com\/escuelagerar\" \/>\n<meta property=\"article:modified_time\" content=\"2025-06-05T10:35:14+00:00\" \/>\n<meta property=\"og:image\" content=\"https:\/\/gerar.net\/wp-content\/uploads\/2025\/06\/academia-chino-gerar-1024x576.png\" \/>\n\t<meta property=\"og:image:width\" content=\"1024\" \/>\n\t<meta property=\"og:image:height\" content=\"576\" \/>\n\t<meta property=\"og:image:type\" content=\"image\/png\" \/>\n<meta name=\"twitter:card\" content=\"summary_large_image\" \/>\n<meta name=\"twitter:site\" content=\"@EscuelaGerar\" \/>\n<meta name=\"twitter:label1\" content=\"Temps estimat de lectura\" \/>\n\t<meta name=\"twitter:data1\" content=\"2 minuts\" \/>\n<script type=\"application\/ld+json\" class=\"yoast-schema-graph\">{\"@context\":\"https:\/\/schema.org\",\"@graph\":[{\"@type\":\"WebPage\",\"@id\":\"https:\/\/gerar.net\/ca\/cursos-per-a-adults\/\",\"url\":\"https:\/\/gerar.net\/ca\/cursos-per-a-adults\/\",\"name\":\"per a adults a Sabadell - Escola Gerar\",\"isPartOf\":{\"@id\":\"https:\/\/gerar.net\/ca\/#website\"},\"primaryImageOfPage\":{\"@id\":\"https:\/\/gerar.net\/ca\/cursos-per-a-adults\/#primaryimage\"},\"image\":{\"@id\":\"https:\/\/gerar.net\/ca\/cursos-per-a-adults\/#primaryimage\"},\"thumbnailUrl\":\"https:\/\/gerar.net\/wp-content\/uploads\/2025\/06\/academia-chino-gerar.png\",\"datePublished\":\"2014-04-23T16:09:59+00:00\",\"dateModified\":\"2025-06-05T10:35:14+00:00\",\"description\":\"L'escola Gerar organitza cursos de xin\u00e8s per a joves i adults. Inscriu-te al nostre curs de xin\u00e8s avui i descobreix un m\u00f3n ple de noves oportunitats.\",\"breadcrumb\":{\"@id\":\"https:\/\/gerar.net\/ca\/cursos-per-a-adults\/#breadcrumb\"},\"inLanguage\":\"ca\",\"potentialAction\":[{\"@type\":\"ReadAction\",\"target\":[\"https:\/\/gerar.net\/ca\/cursos-per-a-adults\/\"]}]},{\"@type\":\"ImageObject\",\"inLanguage\":\"ca\",\"@id\":\"https:\/\/gerar.net\/ca\/cursos-per-a-adults\/#primaryimage\",\"url\":\"https:\/\/gerar.net\/wp-content\/uploads\/2025\/06\/academia-chino-gerar.png\",\"contentUrl\":\"https:\/\/gerar.net\/wp-content\/uploads\/2025\/06\/academia-chino-gerar.png\",\"width\":1920,\"height\":1080},{\"@type\":\"BreadcrumbList\",\"@id\":\"https:\/\/gerar.net\/ca\/cursos-per-a-adults\/#breadcrumb\",\"itemListElement\":[{\"@type\":\"ListItem\",\"position\":1,\"name\":\"Portada\",\"item\":\"https:\/\/gerar.net\/ca\/\"},{\"@type\":\"ListItem\",\"position\":2,\"name\":\"Cursos per a adults\"}]},{\"@type\":\"WebSite\",\"@id\":\"https:\/\/gerar.net\/ca\/#website\",\"url\":\"https:\/\/gerar.net\/ca\/\",\"name\":\"Gerar - Escuela de lengua y cultura China\",\"description\":\"Escola de Xin\u00e8s\",\"publisher\":{\"@id\":\"https:\/\/gerar.net\/ca\/#organization\"},\"alternateName\":\"Gerar\",\"potentialAction\":[{\"@type\":\"SearchAction\",\"target\":{\"@type\":\"EntryPoint\",\"urlTemplate\":\"https:\/\/gerar.net\/ca\/?s={search_term_string}\"},\"query-input\":{\"@type\":\"PropertyValueSpecification\",\"valueRequired\":true,\"valueName\":\"search_term_string\"}}],\"inLanguage\":\"ca\"},{\"@type\":\"Organization\",\"@id\":\"https:\/\/gerar.net\/ca\/#organization\",\"name\":\"Gerar\",\"url\":\"https:\/\/gerar.net\/ca\/\",\"logo\":{\"@type\":\"ImageObject\",\"inLanguage\":\"ca\",\"@id\":\"https:\/\/gerar.net\/ca\/#\/schema\/logo\/image\/\",\"url\":\"https:\/\/gerar.net\/wp-content\/uploads\/2014\/03\/logo_web_2x.jpg\",\"contentUrl\":\"https:\/\/gerar.net\/wp-content\/uploads\/2014\/03\/logo_web_2x.jpg\",\"width\":360,\"height\":162,\"caption\":\"Gerar\"},\"image\":{\"@id\":\"https:\/\/gerar.net\/ca\/#\/schema\/logo\/image\/\"},\"sameAs\":[\"https:\/\/www.facebook.com\/escuelagerar\",\"https:\/\/x.com\/EscuelaGerar\",\"http:\/\/es.linkedin.com\/pub\/weimin-shang-hu\/26\/716\/564\"]}]}<\/script>\n<!-- \/ Yoast SEO plugin. -->","yoast_head_json":{"title":"per a adults a Sabadell - Escola Gerar","description":"L'escola Gerar organitza cursos de xin\u00e8s per a joves i adults. Inscriu-te al nostre curs de xin\u00e8s avui i descobreix un m\u00f3n ple de noves oportunitats.","robots":{"index":"index","follow":"follow","max-snippet":"max-snippet:-1","max-image-preview":"max-image-preview:large","max-video-preview":"max-video-preview:-1"},"canonical":"https:\/\/gerar.net\/ca\/cursos-per-a-adults\/","og_locale":"ca_ES","og_type":"article","og_title":"per a adults a Sabadell - Escola Gerar","og_description":"L'escola Gerar organitza cursos de xin\u00e8s per a joves i adults. Inscriu-te al nostre curs de xin\u00e8s avui i descobreix un m\u00f3n ple de noves oportunitats.","og_url":"https:\/\/gerar.net\/ca\/cursos-per-a-adults\/","og_site_name":"Curs de Xin\u00e8s","article_publisher":"https:\/\/www.facebook.com\/escuelagerar","article_modified_time":"2025-06-05T10:35:14+00:00","og_image":[{"width":1024,"height":576,"url":"https:\/\/gerar.net\/wp-content\/uploads\/2025\/06\/academia-chino-gerar-1024x576.png","type":"image\/png"}],"twitter_card":"summary_large_image","twitter_site":"@EscuelaGerar","twitter_misc":{"Temps estimat de lectura":"2 minuts"},"schema":{"@context":"https:\/\/schema.org","@graph":[{"@type":"WebPage","@id":"https:\/\/gerar.net\/ca\/cursos-per-a-adults\/","url":"https:\/\/gerar.net\/ca\/cursos-per-a-adults\/","name":"per a adults a Sabadell - Escola Gerar","isPartOf":{"@id":"https:\/\/gerar.net\/ca\/#website"},"primaryImageOfPage":{"@id":"https:\/\/gerar.net\/ca\/cursos-per-a-adults\/#primaryimage"},"image":{"@id":"https:\/\/gerar.net\/ca\/cursos-per-a-adults\/#primaryimage"},"thumbnailUrl":"https:\/\/gerar.net\/wp-content\/uploads\/2025\/06\/academia-chino-gerar.png","datePublished":"2014-04-23T16:09:59+00:00","dateModified":"2025-06-05T10:35:14+00:00","description":"L'escola Gerar organitza cursos de xin\u00e8s per a joves i adults. Inscriu-te al nostre curs de xin\u00e8s avui i descobreix un m\u00f3n ple de noves oportunitats.","breadcrumb":{"@id":"https:\/\/gerar.net\/ca\/cursos-per-a-adults\/#breadcrumb"},"inLanguage":"ca","potentialAction":[{"@type":"ReadAction","target":["https:\/\/gerar.net\/ca\/cursos-per-a-adults\/"]}]},{"@type":"ImageObject","inLanguage":"ca","@id":"https:\/\/gerar.net\/ca\/cursos-per-a-adults\/#primaryimage","url":"https:\/\/gerar.net\/wp-content\/uploads\/2025\/06\/academia-chino-gerar.png","contentUrl":"https:\/\/gerar.net\/wp-content\/uploads\/2025\/06\/academia-chino-gerar.png","width":1920,"height":1080},{"@type":"BreadcrumbList","@id":"https:\/\/gerar.net\/ca\/cursos-per-a-adults\/#breadcrumb","itemListElement":[{"@type":"ListItem","position":1,"name":"Portada","item":"https:\/\/gerar.net\/ca\/"},{"@type":"ListItem","position":2,"name":"Cursos per a adults"}]},{"@type":"WebSite","@id":"https:\/\/gerar.net\/ca\/#website","url":"https:\/\/gerar.net\/ca\/","name":"Gerar - Escuela de lengua y cultura China","description":"Escola de Xin\u00e8s","publisher":{"@id":"https:\/\/gerar.net\/ca\/#organization"},"alternateName":"Gerar","potentialAction":[{"@type":"SearchAction","target":{"@type":"EntryPoint","urlTemplate":"https:\/\/gerar.net\/ca\/?s={search_term_string}"},"query-input":{"@type":"PropertyValueSpecification","valueRequired":true,"valueName":"search_term_string"}}],"inLanguage":"ca"},{"@type":"Organization","@id":"https:\/\/gerar.net\/ca\/#organization","name":"Gerar","url":"https:\/\/gerar.net\/ca\/","logo":{"@type":"ImageObject","inLanguage":"ca","@id":"https:\/\/gerar.net\/ca\/#\/schema\/logo\/image\/","url":"https:\/\/gerar.net\/wp-content\/uploads\/2014\/03\/logo_web_2x.jpg","contentUrl":"https:\/\/gerar.net\/wp-content\/uploads\/2014\/03\/logo_web_2x.jpg","width":360,"height":162,"caption":"Gerar"},"image":{"@id":"https:\/\/gerar.net\/ca\/#\/schema\/logo\/image\/"},"sameAs":["https:\/\/www.facebook.com\/escuelagerar","https:\/\/x.com\/EscuelaGerar","http:\/\/es.linkedin.com\/pub\/weimin-shang-hu\/26\/716\/564"]}]}},"_links":{"self":[{"href":"https:\/\/gerar.net\/ca\/wp-json\/wp\/v2\/pages\/348","targetHints":{"allow":["GET"]}}],"collection":[{"href":"https:\/\/gerar.net\/ca\/wp-json\/wp\/v2\/pages"}],"about":[{"href":"https:\/\/gerar.net\/ca\/wp-json\/wp\/v2\/types\/page"}],"author":[{"embeddable":true,"href":"https:\/\/gerar.net\/ca\/wp-json\/wp\/v2\/users\/2"}],"replies":[{"embeddable":true,"href":"https:\/\/gerar.net\/ca\/wp-json\/wp\/v2\/comments?post=348"}],"version-history":[{"count":10,"href":"https:\/\/gerar.net\/ca\/wp-json\/wp\/v2\/pages\/348\/revisions"}],"predecessor-version":[{"id":2648,"href":"https:\/\/gerar.net\/ca\/wp-json\/wp\/v2\/pages\/348\/revisions\/2648"}],"wp:featuredmedia":[{"embeddable":true,"href":"https:\/\/gerar.net\/ca\/wp-json\/wp\/v2\/media\/2651"}],"wp:attachment":[{"href":"https:\/\/gerar.net\/ca\/wp-json\/wp\/v2\/media?parent=348"}],"curies":[{"name":"wp","href":"https:\/\/api.w.org\/{rel}","templated":true}]}}