{"id":352,"date":"2014-04-23T16:13:35","date_gmt":"2014-04-23T16:13:35","guid":{"rendered":"http:\/\/10.1.1.67:8087\/?page_id=352"},"modified":"2021-06-15T15:32:47","modified_gmt":"2021-06-15T14:32:47","slug":"cursos-per-a-empreses","status":"publish","type":"page","link":"https:\/\/gerar.net\/ca\/serveis\/cursos-per-a-empreses\/","title":{"rendered":"Cursos per a empreses"},"content":{"rendered":"<h4>Curso per a empreses<\/h4>\n<p><img loading=\"lazy\" decoding=\"async\" class=\"alignnone size-full wp-image-319\" src=\"https:\/\/gerar.net\/wp-content\/uploads\/2014\/04\/slider-shangai.jpg\" alt=\"slider-page-adulto\" width=\"700\" height=\"120\" \/><\/p>\n<p>Gerar &#8211; Escola de llengua i cultura xinesa ofereix un curs complet i am\u00e8 per a empreses en funci\u00f3 de les necessitats i dels objectius a assolir. Ens desplacem a on vost\u00e9 ho necessiti i elaborem un pla d&#8217;estudi adaptat a les seves demandes. Oferim assessorament a tots aquells que, per motius laborals, s&#8217;han de despla\u00e7ar a la Xina, aix\u00ed com aquells que hi realitzin viatges de negocis.<\/p>\n<p>El temari que es tracta est\u00e0 enfocat a di\u00e0legs habituals en aspectes t\u00e8cnics i comercials de f\u00e0cil assimilaci\u00f3 per tal de que els integrants del curs puguin establir una conversa amb interlocutors xinesos.<\/p>\n<p>Si t&#8217;interessa, no dubtis a posar-te en <a href=\"https:\/\/gerar.net\/ca\/contacte\/\" title=\"Contacte\">contacte amb nosaltres<\/a>.<\/p>\n<p>A continuaci\u00f3, detallem algunes de les institucions i empreses amb les quals treballem:<\/p>\n<ul>\n<li><a title=\"accio10\" href=\"http:\/\/www.acc10.cat\/\">ACC1\u00d3<\/a><\/li>\n<li><a title=\"cambra_comer\u00e7_sabadell\" href=\"http:\/\/www.cambrasabadell.org\/\">Cambra de Comer\u00e7 i Ind\u00fastria de Sabadell<\/a><\/li>\n<li><a title=\"cambra_comer\u00e7_terrassa\" href=\"http:\/\/www.cambraterrassa.es\/\">Cambra de Comer\u00e7 de Terrassa<\/a><\/li>\n<li><a title=\"cambra_comer\u00e7_barcelona\" href=\"http:\/\/www.cambrabcn.es\/\">Cambra de Comer\u00e7 de Barcelona<\/a><\/li>\n<li><a title=\"cambra_comer\u00e7_maresme\" href=\"http:\/\/www.cambramanresa.com\/\">Cambra de Comer\u00e7 de Manresa<\/a><\/li>\n<li><a title=\"gremi_fabricants_sabadell\" href=\"http:\/\/www.gremifab.es\/\">Gremi de Fabricants de Sabadell<\/a><\/li>\n<li><a title=\"aceb\" href=\"http:\/\/www.aceb.cat\/\">Associaci\u00f3 Comarcal d&#8217;Empresaris del Bergued\u00e0 &#8211; ACEB<\/a><\/li>\n<li><a title=\"unio_patronal_meta\u00b7lurgia\" href=\"http:\/\/www.upm.org\/\">Uni\u00f3 Patronal Metal\u00b7l\u00fargica<\/a><\/li>\n<li><a title=\"centre_metal\u00b7lurgic_sabadell\" href=\"http:\/\/www.centrem.es\/\">Centre Metal\u00b7l\u00fargic de Sabadell<\/a><\/li>\n<li><a title=\"dia_dur_tools\" href=\"http:\/\/www.kadur.com\/\">Dia Dur Tools, SL<\/a><\/li>\n<li><a title=\"al3\" href=\"http:\/\/agencialinguisticatres.com\/\">Agencia Ling\u00fc\u00edstica 3 &#8211; AL3<\/a><\/li>\n<li><a title=\"celo_distribuci\u00f3n\" href=\"http:\/\/www.apolo.es\/\">Celo Distribuci\u00f3n SA<\/a><\/li>\n<li><a title=\"industrias_ponsa\" href=\"http:\/\/www.ponsa.com\/\">Industrias Ponsa SA<\/a><\/li>\n<li><a title=\"club_carena\" href=\"http:\/\/www.carenaclub.org\/\">Club Carena<\/a><\/li>\n<li><a title=\"sor_internacional\" href=\"http:\/\/www.sorisa.com\/\">Sor Internacional SA<\/a><\/li>\n<li><a title=\"koine_serveis_ling\u00fcistics\" href=\"http:\/\/www.koine.es\/\">Koin\u00e9 Serveis Ling\u00fc\u00edstics<\/a><\/li>\n<li><a title=\"exex_pool\" href=\"http:\/\/www.fluidra.com\/\">Fluidra<\/a><\/li>\n<li><a title=\"taga_barcelona\" href=\"http:\/\/www.taga.net\/\">Taga Barcelona<\/a><\/li>\n<li><a title=\"isofix\" href=\"http:\/\/www.isofix.es\/\">Isofix SL<\/a><\/li>\n<li><a title=\"biosystems\" href=\"http:\/\/www.biosystems-sa.com\/\">BioSystems SAL<\/a><\/li>\n<li><a title=\"new_textil\" href=\"http:\">New Textil SA<\/a><\/li>\n<li><a title=\"Punto_fa_Mango\" href=\"http:\/\/www.mango.com\/\">Punto FA SL &#8211; Mango<\/a><\/li>\n<li><a title=\"Volpak\" href=\"http:\/\/www.volpak.com\/\">Volpak SA Unipersonal<\/a><\/li>\n<\/ul>\n","protected":false},"excerpt":{"rendered":"<p>Curso per a empreses Gerar &#8211; Escola de llengua i cultura xinesa ofereix un curs complet i am\u00e8 per a empreses en funci\u00f3 de les necessitats i dels objectius a assolir. Ens desplacem a on vost\u00e9 ho necessiti i elaborem un pla d&#8217;estudi adaptat a les seves demandes. Oferim assessorament [&hellip;]<\/p>\n","protected":false},"author":2,"featured_media":0,"parent":375,"menu_order":0,"comment_status":"closed","ping_status":"closed","template":"","meta":{"_joinchat":[],"footnotes":""},"class_list":["post-352","page","type-page","status-publish","hentry"],"yoast_head":"<!-- This site is optimized with the Yoast SEO plugin v25.2 - https:\/\/yoast.com\/wordpress\/plugins\/seo\/ -->\n<title>Cursos per a empreses - Escola Gerar<\/title>\n<meta name=\"robots\" content=\"index, follow, max-snippet:-1, max-image-preview:large, max-video-preview:-1\" \/>\n<link rel=\"canonical\" href=\"https:\/\/gerar.net\/ca\/serveis\/cursos-per-a-empreses\/\" \/>\n<meta property=\"og:locale\" content=\"ca_ES\" \/>\n<meta property=\"og:type\" content=\"article\" \/>\n<meta property=\"og:title\" content=\"Cursos per a empreses - Escola Gerar\" \/>\n<meta property=\"og:description\" content=\"Curso per a empreses Gerar &#8211; Escola de llengua i cultura xinesa ofereix un curs complet i am\u00e8 per a empreses en funci\u00f3 de les necessitats i dels objectius a assolir. Ens desplacem a on vost\u00e9 ho necessiti i elaborem un pla d&#8217;estudi adaptat a les seves demandes. Oferim assessorament [&hellip;]\" \/>\n<meta property=\"og:url\" content=\"https:\/\/gerar.net\/ca\/serveis\/cursos-per-a-empreses\/\" \/>\n<meta property=\"og:site_name\" content=\"Curs de Xin\u00e8s\" \/>\n<meta property=\"article:publisher\" content=\"https:\/\/www.facebook.com\/escuelagerar\" \/>\n<meta property=\"article:modified_time\" content=\"2021-06-15T14:32:47+00:00\" \/>\n<meta property=\"og:image\" content=\"https:\/\/gerar.net\/wp-content\/uploads\/2014\/04\/slider-page-adulto.jpg\" \/>\n\t<meta property=\"og:image:width\" content=\"700\" \/>\n\t<meta property=\"og:image:height\" content=\"120\" \/>\n\t<meta property=\"og:image:type\" content=\"image\/jpeg\" \/>\n<meta name=\"twitter:card\" content=\"summary_large_image\" \/>\n<meta name=\"twitter:site\" content=\"@EscuelaGerar\" \/>\n<meta name=\"twitter:label1\" content=\"Temps estimat de lectura\" \/>\n\t<meta name=\"twitter:data1\" content=\"1 minut\" \/>\n<script type=\"application\/ld+json\" class=\"yoast-schema-graph\">{\"@context\":\"https:\/\/schema.org\",\"@graph\":[{\"@type\":\"WebPage\",\"@id\":\"https:\/\/gerar.net\/ca\/serveis\/cursos-per-a-empreses\/\",\"url\":\"https:\/\/gerar.net\/ca\/serveis\/cursos-per-a-empreses\/\",\"name\":\"Cursos per a empreses - Escola Gerar\",\"isPartOf\":{\"@id\":\"https:\/\/gerar.net\/ca\/#website\"},\"primaryImageOfPage\":{\"@id\":\"https:\/\/gerar.net\/ca\/serveis\/cursos-per-a-empreses\/#primaryimage\"},\"image\":{\"@id\":\"https:\/\/gerar.net\/ca\/serveis\/cursos-per-a-empreses\/#primaryimage\"},\"thumbnailUrl\":\"https:\/\/gerar.net\/wp-content\/uploads\/2014\/04\/slider-shangai.jpg\",\"datePublished\":\"2014-04-23T16:13:35+00:00\",\"dateModified\":\"2021-06-15T14:32:47+00:00\",\"breadcrumb\":{\"@id\":\"https:\/\/gerar.net\/ca\/serveis\/cursos-per-a-empreses\/#breadcrumb\"},\"inLanguage\":\"ca\",\"potentialAction\":[{\"@type\":\"ReadAction\",\"target\":[\"https:\/\/gerar.net\/ca\/serveis\/cursos-per-a-empreses\/\"]}]},{\"@type\":\"ImageObject\",\"inLanguage\":\"ca\",\"@id\":\"https:\/\/gerar.net\/ca\/serveis\/cursos-per-a-empreses\/#primaryimage\",\"url\":\"https:\/\/gerar.net\/wp-content\/uploads\/2014\/04\/slider-shangai.jpg\",\"contentUrl\":\"https:\/\/gerar.net\/wp-content\/uploads\/2014\/04\/slider-shangai.jpg\"},{\"@type\":\"BreadcrumbList\",\"@id\":\"https:\/\/gerar.net\/ca\/serveis\/cursos-per-a-empreses\/#breadcrumb\",\"itemListElement\":[{\"@type\":\"ListItem\",\"position\":1,\"name\":\"Portada\",\"item\":\"https:\/\/gerar.net\/ca\/\"},{\"@type\":\"ListItem\",\"position\":2,\"name\":\"Serveis\",\"item\":\"https:\/\/gerar.net\/ca\/serveis\/\"},{\"@type\":\"ListItem\",\"position\":3,\"name\":\"Cursos per a empreses\"}]},{\"@type\":\"WebSite\",\"@id\":\"https:\/\/gerar.net\/ca\/#website\",\"url\":\"https:\/\/gerar.net\/ca\/\",\"name\":\"Gerar - Escuela de lengua y cultura China\",\"description\":\"Escola de Xin\u00e8s\",\"publisher\":{\"@id\":\"https:\/\/gerar.net\/ca\/#organization\"},\"alternateName\":\"Gerar\",\"potentialAction\":[{\"@type\":\"SearchAction\",\"target\":{\"@type\":\"EntryPoint\",\"urlTemplate\":\"https:\/\/gerar.net\/ca\/?s={search_term_string}\"},\"query-input\":{\"@type\":\"PropertyValueSpecification\",\"valueRequired\":true,\"valueName\":\"search_term_string\"}}],\"inLanguage\":\"ca\"},{\"@type\":\"Organization\",\"@id\":\"https:\/\/gerar.net\/ca\/#organization\",\"name\":\"Gerar\",\"url\":\"https:\/\/gerar.net\/ca\/\",\"logo\":{\"@type\":\"ImageObject\",\"inLanguage\":\"ca\",\"@id\":\"https:\/\/gerar.net\/ca\/#\/schema\/logo\/image\/\",\"url\":\"https:\/\/gerar.net\/wp-content\/uploads\/2014\/03\/logo_web_2x.jpg\",\"contentUrl\":\"https:\/\/gerar.net\/wp-content\/uploads\/2014\/03\/logo_web_2x.jpg\",\"width\":360,\"height\":162,\"caption\":\"Gerar\"},\"image\":{\"@id\":\"https:\/\/gerar.net\/ca\/#\/schema\/logo\/image\/\"},\"sameAs\":[\"https:\/\/www.facebook.com\/escuelagerar\",\"https:\/\/x.com\/EscuelaGerar\",\"http:\/\/es.linkedin.com\/pub\/weimin-shang-hu\/26\/716\/564\"]}]}<\/script>\n<!-- \/ Yoast SEO plugin. -->","yoast_head_json":{"title":"Cursos per a empreses - Escola Gerar","robots":{"index":"index","follow":"follow","max-snippet":"max-snippet:-1","max-image-preview":"max-image-preview:large","max-video-preview":"max-video-preview:-1"},"canonical":"https:\/\/gerar.net\/ca\/serveis\/cursos-per-a-empreses\/","og_locale":"ca_ES","og_type":"article","og_title":"Cursos per a empreses - Escola Gerar","og_description":"Curso per a empreses Gerar &#8211; Escola de llengua i cultura xinesa ofereix un curs complet i am\u00e8 per a empreses en funci\u00f3 de les necessitats i dels objectius a assolir. Ens desplacem a on vost\u00e9 ho necessiti i elaborem un pla d&#8217;estudi adaptat a les seves demandes. Oferim assessorament [&hellip;]","og_url":"https:\/\/gerar.net\/ca\/serveis\/cursos-per-a-empreses\/","og_site_name":"Curs de Xin\u00e8s","article_publisher":"https:\/\/www.facebook.com\/escuelagerar","article_modified_time":"2021-06-15T14:32:47+00:00","og_image":[{"width":700,"height":120,"url":"https:\/\/gerar.net\/wp-content\/uploads\/2014\/04\/slider-page-adulto.jpg","type":"image\/jpeg"}],"twitter_card":"summary_large_image","twitter_site":"@EscuelaGerar","twitter_misc":{"Temps estimat de lectura":"1 minut"},"schema":{"@context":"https:\/\/schema.org","@graph":[{"@type":"WebPage","@id":"https:\/\/gerar.net\/ca\/serveis\/cursos-per-a-empreses\/","url":"https:\/\/gerar.net\/ca\/serveis\/cursos-per-a-empreses\/","name":"Cursos per a empreses - Escola Gerar","isPartOf":{"@id":"https:\/\/gerar.net\/ca\/#website"},"primaryImageOfPage":{"@id":"https:\/\/gerar.net\/ca\/serveis\/cursos-per-a-empreses\/#primaryimage"},"image":{"@id":"https:\/\/gerar.net\/ca\/serveis\/cursos-per-a-empreses\/#primaryimage"},"thumbnailUrl":"https:\/\/gerar.net\/wp-content\/uploads\/2014\/04\/slider-shangai.jpg","datePublished":"2014-04-23T16:13:35+00:00","dateModified":"2021-06-15T14:32:47+00:00","breadcrumb":{"@id":"https:\/\/gerar.net\/ca\/serveis\/cursos-per-a-empreses\/#breadcrumb"},"inLanguage":"ca","potentialAction":[{"@type":"ReadAction","target":["https:\/\/gerar.net\/ca\/serveis\/cursos-per-a-empreses\/"]}]},{"@type":"ImageObject","inLanguage":"ca","@id":"https:\/\/gerar.net\/ca\/serveis\/cursos-per-a-empreses\/#primaryimage","url":"https:\/\/gerar.net\/wp-content\/uploads\/2014\/04\/slider-shangai.jpg","contentUrl":"https:\/\/gerar.net\/wp-content\/uploads\/2014\/04\/slider-shangai.jpg"},{"@type":"BreadcrumbList","@id":"https:\/\/gerar.net\/ca\/serveis\/cursos-per-a-empreses\/#breadcrumb","itemListElement":[{"@type":"ListItem","position":1,"name":"Portada","item":"https:\/\/gerar.net\/ca\/"},{"@type":"ListItem","position":2,"name":"Serveis","item":"https:\/\/gerar.net\/ca\/serveis\/"},{"@type":"ListItem","position":3,"name":"Cursos per a empreses"}]},{"@type":"WebSite","@id":"https:\/\/gerar.net\/ca\/#website","url":"https:\/\/gerar.net\/ca\/","name":"Gerar - Escuela de lengua y cultura China","description":"Escola de Xin\u00e8s","publisher":{"@id":"https:\/\/gerar.net\/ca\/#organization"},"alternateName":"Gerar","potentialAction":[{"@type":"SearchAction","target":{"@type":"EntryPoint","urlTemplate":"https:\/\/gerar.net\/ca\/?s={search_term_string}"},"query-input":{"@type":"PropertyValueSpecification","valueRequired":true,"valueName":"search_term_string"}}],"inLanguage":"ca"},{"@type":"Organization","@id":"https:\/\/gerar.net\/ca\/#organization","name":"Gerar","url":"https:\/\/gerar.net\/ca\/","logo":{"@type":"ImageObject","inLanguage":"ca","@id":"https:\/\/gerar.net\/ca\/#\/schema\/logo\/image\/","url":"https:\/\/gerar.net\/wp-content\/uploads\/2014\/03\/logo_web_2x.jpg","contentUrl":"https:\/\/gerar.net\/wp-content\/uploads\/2014\/03\/logo_web_2x.jpg","width":360,"height":162,"caption":"Gerar"},"image":{"@id":"https:\/\/gerar.net\/ca\/#\/schema\/logo\/image\/"},"sameAs":["https:\/\/www.facebook.com\/escuelagerar","https:\/\/x.com\/EscuelaGerar","http:\/\/es.linkedin.com\/pub\/weimin-shang-hu\/26\/716\/564"]}]}},"_links":{"self":[{"href":"https:\/\/gerar.net\/ca\/wp-json\/wp\/v2\/pages\/352","targetHints":{"allow":["GET"]}}],"collection":[{"href":"https:\/\/gerar.net\/ca\/wp-json\/wp\/v2\/pages"}],"about":[{"href":"https:\/\/gerar.net\/ca\/wp-json\/wp\/v2\/types\/page"}],"author":[{"embeddable":true,"href":"https:\/\/gerar.net\/ca\/wp-json\/wp\/v2\/users\/2"}],"replies":[{"embeddable":true,"href":"https:\/\/gerar.net\/ca\/wp-json\/wp\/v2\/comments?post=352"}],"version-history":[{"count":7,"href":"https:\/\/gerar.net\/ca\/wp-json\/wp\/v2\/pages\/352\/revisions"}],"predecessor-version":[{"id":2490,"href":"https:\/\/gerar.net\/ca\/wp-json\/wp\/v2\/pages\/352\/revisions\/2490"}],"up":[{"embeddable":true,"href":"https:\/\/gerar.net\/ca\/wp-json\/wp\/v2\/pages\/375"}],"wp:attachment":[{"href":"https:\/\/gerar.net\/ca\/wp-json\/wp\/v2\/media?parent=352"}],"curies":[{"name":"wp","href":"https:\/\/api.w.org\/{rel}","templated":true}]}}