{"id":363,"date":"2014-04-23T16:32:48","date_gmt":"2014-04-23T16:32:48","guid":{"rendered":"http:\/\/10.1.1.67:8087\/?page_id=363"},"modified":"2023-06-05T11:39:33","modified_gmt":"2023-06-05T10:39:33","slug":"escola","status":"publish","type":"page","link":"https:\/\/gerar.net\/ca\/escola\/","title":{"rendered":"Escola"},"content":{"rendered":"<h4>Descobreix GERAR<\/h4>\n<p>Benvingut a GERAR, el teu portal a l&#8217;idioma i la cultura xinesa. Des de 1998, som m\u00e9s que una escola d&#8217;idiomes; som un pont cap a una antiga civilitzaci\u00f3 que s&#8217;ha mantingut en gran part oculta al m\u00f3n occidental. Amb la nostra ubicaci\u00f3 c\u00e8ntrica a Sabadell, horaris flexibles i aules c\u00f2modes, t&#8217;acostem a l&#8217;apassionant m\u00f3n del xin\u00e8s amb cada car\u00e0cter i ideograma que aprens.<\/p>\n<p>&nbsp;<\/p>\n<p><img loading=\"lazy\" decoding=\"async\" class=\"alignnone size-full wp-image-319\" src=\"https:\/\/gerar.net\/wp-content\/uploads\/2014\/06\/gerar-classe.jpg\" alt=\"slider-page-adulto\" width=\"700\" height=\"120\" \/><\/p>\n<div class=\"one_half\">\n<h4>La nostra enfocament<\/h4>\n<p>No nom\u00e9s aprens l&#8217;idioma a GERAR, t&#8217;endinses en la cultura i el protocol xinesos. Els nostres cursos ben documentats i multidimensionals et preparen per interactuar amb seguretat en diversos entorns socials i empresarials, des del primer fins a l&#8217;\u00faltim curs. <\/p>\n<\/div>\n<div class=\"one_half last\">\n<h4>Per qu\u00e8 triar GERAR?<\/h4>\n<ul class=\"styled-list\">\n<li><i class=\"icon-ok\"><\/i>Dues d\u00e8cades d&#8217;experi\u00e8ncia en ensenyament<\/li>\n<li><i class=\"icon-ok\"><\/i>Professorat nadiu i titulat<\/li>\n<li><i class=\"icon-ok\"><\/i>Metodologia provada i efectiva<\/li>\n<li><i class=\"icon-ok\"><\/i>Excel\u00b7lent taxa d&#8217;\u00e8xit en l&#8217;examen HSK<\/li>\n<li><i class=\"icon-ok\"><\/i>Atenci\u00f3 personalitzada per a cada estudiant<\/li>\n<\/ul>\n<div class=\"ver-cursos\"><a href=\"https:\/\/gerar.net\/ca\/cursos-per-a-adults\/\" target=\"_blank\" class=\" button red medium\" rel=\"slides[buttonlightbox]\">VEURE CURSOS<\/a><\/div>\n<\/div>\n<div class=\"clear\"><\/div>\n<p>&nbsp;<\/p>\n","protected":false},"excerpt":{"rendered":"<p>Descobreix GERAR Benvingut a GERAR, el teu portal a l&#8217;idioma i la cultura xinesa. Des de 1998, som m\u00e9s que una escola d&#8217;idiomes; som un pont cap a una antiga civilitzaci\u00f3 que s&#8217;ha mantingut en gran part oculta al m\u00f3n occidental. Amb la nostra ubicaci\u00f3 c\u00e8ntrica a Sabadell, horaris flexibles [&hellip;]<\/p>\n","protected":false},"author":2,"featured_media":0,"parent":0,"menu_order":0,"comment_status":"closed","ping_status":"closed","template":"","meta":{"_joinchat":[],"footnotes":""},"class_list":["post-363","page","type-page","status-publish","hentry"],"yoast_head":"<!-- This site is optimized with the Yoast SEO plugin v25.2 - https:\/\/yoast.com\/wordpress\/plugins\/seo\/ -->\n<title>Escola - Escola Gerar<\/title>\n<meta name=\"robots\" content=\"index, follow, max-snippet:-1, max-image-preview:large, max-video-preview:-1\" \/>\n<link rel=\"canonical\" href=\"https:\/\/gerar.net\/ca\/escola\/\" \/>\n<meta property=\"og:locale\" content=\"ca_ES\" \/>\n<meta property=\"og:type\" content=\"article\" \/>\n<meta property=\"og:title\" content=\"Escola - Escola Gerar\" \/>\n<meta property=\"og:description\" content=\"Descobreix GERAR Benvingut a GERAR, el teu portal a l&#8217;idioma i la cultura xinesa. Des de 1998, som m\u00e9s que una escola d&#8217;idiomes; som un pont cap a una antiga civilitzaci\u00f3 que s&#8217;ha mantingut en gran part oculta al m\u00f3n occidental. Amb la nostra ubicaci\u00f3 c\u00e8ntrica a Sabadell, horaris flexibles [&hellip;]\" \/>\n<meta property=\"og:url\" content=\"https:\/\/gerar.net\/ca\/escola\/\" \/>\n<meta property=\"og:site_name\" content=\"Curs de Xin\u00e8s\" \/>\n<meta property=\"article:publisher\" content=\"https:\/\/www.facebook.com\/escuelagerar\" \/>\n<meta property=\"article:modified_time\" content=\"2023-06-05T10:39:33+00:00\" \/>\n<meta property=\"og:image\" content=\"https:\/\/gerar.net\/wp-content\/uploads\/2014\/04\/slider-page-adulto.jpg\" \/>\n\t<meta property=\"og:image:width\" content=\"700\" \/>\n\t<meta property=\"og:image:height\" content=\"120\" \/>\n\t<meta property=\"og:image:type\" content=\"image\/jpeg\" \/>\n<meta name=\"twitter:card\" content=\"summary_large_image\" \/>\n<meta name=\"twitter:site\" content=\"@EscuelaGerar\" \/>\n<meta name=\"twitter:label1\" content=\"Temps estimat de lectura\" \/>\n\t<meta name=\"twitter:data1\" content=\"1 minut\" \/>\n<script type=\"application\/ld+json\" class=\"yoast-schema-graph\">{\"@context\":\"https:\/\/schema.org\",\"@graph\":[{\"@type\":\"WebPage\",\"@id\":\"https:\/\/gerar.net\/ca\/escola\/\",\"url\":\"https:\/\/gerar.net\/ca\/escola\/\",\"name\":\"Escola - Escola Gerar\",\"isPartOf\":{\"@id\":\"https:\/\/gerar.net\/ca\/#website\"},\"primaryImageOfPage\":{\"@id\":\"https:\/\/gerar.net\/ca\/escola\/#primaryimage\"},\"image\":{\"@id\":\"https:\/\/gerar.net\/ca\/escola\/#primaryimage\"},\"thumbnailUrl\":\"https:\/\/gerar.net\/wp-content\/uploads\/2014\/06\/gerar-classe.jpg\",\"datePublished\":\"2014-04-23T16:32:48+00:00\",\"dateModified\":\"2023-06-05T10:39:33+00:00\",\"breadcrumb\":{\"@id\":\"https:\/\/gerar.net\/ca\/escola\/#breadcrumb\"},\"inLanguage\":\"ca\",\"potentialAction\":[{\"@type\":\"ReadAction\",\"target\":[\"https:\/\/gerar.net\/ca\/escola\/\"]}]},{\"@type\":\"ImageObject\",\"inLanguage\":\"ca\",\"@id\":\"https:\/\/gerar.net\/ca\/escola\/#primaryimage\",\"url\":\"https:\/\/gerar.net\/wp-content\/uploads\/2014\/06\/gerar-classe.jpg\",\"contentUrl\":\"https:\/\/gerar.net\/wp-content\/uploads\/2014\/06\/gerar-classe.jpg\"},{\"@type\":\"BreadcrumbList\",\"@id\":\"https:\/\/gerar.net\/ca\/escola\/#breadcrumb\",\"itemListElement\":[{\"@type\":\"ListItem\",\"position\":1,\"name\":\"Portada\",\"item\":\"https:\/\/gerar.net\/ca\/\"},{\"@type\":\"ListItem\",\"position\":2,\"name\":\"Escola\"}]},{\"@type\":\"WebSite\",\"@id\":\"https:\/\/gerar.net\/ca\/#website\",\"url\":\"https:\/\/gerar.net\/ca\/\",\"name\":\"Gerar - Escuela de lengua y cultura China\",\"description\":\"Escola de Xin\u00e8s\",\"publisher\":{\"@id\":\"https:\/\/gerar.net\/ca\/#organization\"},\"alternateName\":\"Gerar\",\"potentialAction\":[{\"@type\":\"SearchAction\",\"target\":{\"@type\":\"EntryPoint\",\"urlTemplate\":\"https:\/\/gerar.net\/ca\/?s={search_term_string}\"},\"query-input\":{\"@type\":\"PropertyValueSpecification\",\"valueRequired\":true,\"valueName\":\"search_term_string\"}}],\"inLanguage\":\"ca\"},{\"@type\":\"Organization\",\"@id\":\"https:\/\/gerar.net\/ca\/#organization\",\"name\":\"Gerar\",\"url\":\"https:\/\/gerar.net\/ca\/\",\"logo\":{\"@type\":\"ImageObject\",\"inLanguage\":\"ca\",\"@id\":\"https:\/\/gerar.net\/ca\/#\/schema\/logo\/image\/\",\"url\":\"https:\/\/gerar.net\/wp-content\/uploads\/2014\/03\/logo_web_2x.jpg\",\"contentUrl\":\"https:\/\/gerar.net\/wp-content\/uploads\/2014\/03\/logo_web_2x.jpg\",\"width\":360,\"height\":162,\"caption\":\"Gerar\"},\"image\":{\"@id\":\"https:\/\/gerar.net\/ca\/#\/schema\/logo\/image\/\"},\"sameAs\":[\"https:\/\/www.facebook.com\/escuelagerar\",\"https:\/\/x.com\/EscuelaGerar\",\"http:\/\/es.linkedin.com\/pub\/weimin-shang-hu\/26\/716\/564\"]}]}<\/script>\n<!-- \/ Yoast SEO plugin. -->","yoast_head_json":{"title":"Escola - Escola Gerar","robots":{"index":"index","follow":"follow","max-snippet":"max-snippet:-1","max-image-preview":"max-image-preview:large","max-video-preview":"max-video-preview:-1"},"canonical":"https:\/\/gerar.net\/ca\/escola\/","og_locale":"ca_ES","og_type":"article","og_title":"Escola - Escola Gerar","og_description":"Descobreix GERAR Benvingut a GERAR, el teu portal a l&#8217;idioma i la cultura xinesa. Des de 1998, som m\u00e9s que una escola d&#8217;idiomes; som un pont cap a una antiga civilitzaci\u00f3 que s&#8217;ha mantingut en gran part oculta al m\u00f3n occidental. Amb la nostra ubicaci\u00f3 c\u00e8ntrica a Sabadell, horaris flexibles [&hellip;]","og_url":"https:\/\/gerar.net\/ca\/escola\/","og_site_name":"Curs de Xin\u00e8s","article_publisher":"https:\/\/www.facebook.com\/escuelagerar","article_modified_time":"2023-06-05T10:39:33+00:00","og_image":[{"width":700,"height":120,"url":"https:\/\/gerar.net\/wp-content\/uploads\/2014\/04\/slider-page-adulto.jpg","type":"image\/jpeg"}],"twitter_card":"summary_large_image","twitter_site":"@EscuelaGerar","twitter_misc":{"Temps estimat de lectura":"1 minut"},"schema":{"@context":"https:\/\/schema.org","@graph":[{"@type":"WebPage","@id":"https:\/\/gerar.net\/ca\/escola\/","url":"https:\/\/gerar.net\/ca\/escola\/","name":"Escola - Escola Gerar","isPartOf":{"@id":"https:\/\/gerar.net\/ca\/#website"},"primaryImageOfPage":{"@id":"https:\/\/gerar.net\/ca\/escola\/#primaryimage"},"image":{"@id":"https:\/\/gerar.net\/ca\/escola\/#primaryimage"},"thumbnailUrl":"https:\/\/gerar.net\/wp-content\/uploads\/2014\/06\/gerar-classe.jpg","datePublished":"2014-04-23T16:32:48+00:00","dateModified":"2023-06-05T10:39:33+00:00","breadcrumb":{"@id":"https:\/\/gerar.net\/ca\/escola\/#breadcrumb"},"inLanguage":"ca","potentialAction":[{"@type":"ReadAction","target":["https:\/\/gerar.net\/ca\/escola\/"]}]},{"@type":"ImageObject","inLanguage":"ca","@id":"https:\/\/gerar.net\/ca\/escola\/#primaryimage","url":"https:\/\/gerar.net\/wp-content\/uploads\/2014\/06\/gerar-classe.jpg","contentUrl":"https:\/\/gerar.net\/wp-content\/uploads\/2014\/06\/gerar-classe.jpg"},{"@type":"BreadcrumbList","@id":"https:\/\/gerar.net\/ca\/escola\/#breadcrumb","itemListElement":[{"@type":"ListItem","position":1,"name":"Portada","item":"https:\/\/gerar.net\/ca\/"},{"@type":"ListItem","position":2,"name":"Escola"}]},{"@type":"WebSite","@id":"https:\/\/gerar.net\/ca\/#website","url":"https:\/\/gerar.net\/ca\/","name":"Gerar - Escuela de lengua y cultura China","description":"Escola de Xin\u00e8s","publisher":{"@id":"https:\/\/gerar.net\/ca\/#organization"},"alternateName":"Gerar","potentialAction":[{"@type":"SearchAction","target":{"@type":"EntryPoint","urlTemplate":"https:\/\/gerar.net\/ca\/?s={search_term_string}"},"query-input":{"@type":"PropertyValueSpecification","valueRequired":true,"valueName":"search_term_string"}}],"inLanguage":"ca"},{"@type":"Organization","@id":"https:\/\/gerar.net\/ca\/#organization","name":"Gerar","url":"https:\/\/gerar.net\/ca\/","logo":{"@type":"ImageObject","inLanguage":"ca","@id":"https:\/\/gerar.net\/ca\/#\/schema\/logo\/image\/","url":"https:\/\/gerar.net\/wp-content\/uploads\/2014\/03\/logo_web_2x.jpg","contentUrl":"https:\/\/gerar.net\/wp-content\/uploads\/2014\/03\/logo_web_2x.jpg","width":360,"height":162,"caption":"Gerar"},"image":{"@id":"https:\/\/gerar.net\/ca\/#\/schema\/logo\/image\/"},"sameAs":["https:\/\/www.facebook.com\/escuelagerar","https:\/\/x.com\/EscuelaGerar","http:\/\/es.linkedin.com\/pub\/weimin-shang-hu\/26\/716\/564"]}]}},"_links":{"self":[{"href":"https:\/\/gerar.net\/ca\/wp-json\/wp\/v2\/pages\/363","targetHints":{"allow":["GET"]}}],"collection":[{"href":"https:\/\/gerar.net\/ca\/wp-json\/wp\/v2\/pages"}],"about":[{"href":"https:\/\/gerar.net\/ca\/wp-json\/wp\/v2\/types\/page"}],"author":[{"embeddable":true,"href":"https:\/\/gerar.net\/ca\/wp-json\/wp\/v2\/users\/2"}],"replies":[{"embeddable":true,"href":"https:\/\/gerar.net\/ca\/wp-json\/wp\/v2\/comments?post=363"}],"version-history":[{"count":10,"href":"https:\/\/gerar.net\/ca\/wp-json\/wp\/v2\/pages\/363\/revisions"}],"predecessor-version":[{"id":2576,"href":"https:\/\/gerar.net\/ca\/wp-json\/wp\/v2\/pages\/363\/revisions\/2576"}],"wp:attachment":[{"href":"https:\/\/gerar.net\/ca\/wp-json\/wp\/v2\/media?parent=363"}],"curies":[{"name":"wp","href":"https:\/\/api.w.org\/{rel}","templated":true}]}}