{"id":366,"date":"2014-03-25T16:42:18","date_gmt":"2014-03-25T16:42:18","guid":{"rendered":"http:\/\/10.1.1.67:8087\/?page_id=366"},"modified":"2021-06-15T15:31:00","modified_gmt":"2021-06-15T14:31:00","slug":"material","status":"publish","type":"page","link":"https:\/\/gerar.net\/ca\/material\/","title":{"rendered":"Material"},"content":{"rendered":"<h4>Tot el que necessites!<\/h4>\n<p><img loading=\"lazy\" decoding=\"async\" class=\"alignnone size-full wp-image-319\" src=\"https:\/\/gerar.net\/wp-content\/uploads\/2014\/04\/slider-shangai.jpg\" alt=\"slider-page-adulto\" width=\"700\" height=\"120\" \/><\/p>\n<p>Et facilitem el contingut del llibre i dels exercicis online, per qu\u00e8 puguis descarregar els arxius on vulguis! Tamb\u00e9 us donem acc\u00e9s al material utilitzat a les jornades culturals de Gerar.<\/p>\n<div class=\"tabset tabstyle-vertical clearfix\"><ul class=\"tabs\"><li class=\"tab\"><a href=\"#panel14424656471\">Exercicis<\/a><\/li>\n<li class=\"tab\"><a href=\"#panel14424656472\">Llibre multim\u00e8dia<\/a><\/li><\/ul><div class=\"panels\"><div class=\"panel\" id=\"panel14424656471\"><p><\/p>\n<ul class=\"styled-list\">\n<li><i class=\"icon-chevron-right\"><\/i><a href=\"https:\/\/gerar.net\/wp-content\/uploads\/2014\/03\/Exercicis-LLI\u00c7\u00d3-0.0-3-A-Key-to-Chinese-Speech-and-Writing1.pdf\" target=\"_blank\" rel=\"noopener noreferrer\">Lli\u00e7\u00f3 0 &#8211;\u00a03<\/a><\/li>\n<li><i class=\"icon-chevron-right\"><\/i><a href=\"https:\/\/gerar.net\/wp-content\/uploads\/2014\/03\/Exercicis-LLI\u00c7\u00d3-4-6-A-Key-to-Chinese-Speech-and-Writing-.pdf\" target=\"_blank\" rel=\"noopener noreferrer\">Lli\u00e7\u00f3 4 &#8211;\u00a06<\/a><\/li>\n<li><i class=\"icon-chevron-right\"><\/i><a href=\"https:\/\/gerar.net\/wp-content\/uploads\/2014\/03\/Exercicis-leccion-7-9-A-key-to-Chinese-Speech-and-Writing_web.pdf\" target=\"_blank\" rel=\"noopener noreferrer\">Lli\u00e7\u00f3 7 &#8211;\u00a09<\/a><\/li>\n<li><i class=\"icon-chevron-right\"><\/i><a href=\"https:\/\/gerar.net\/wp-content\/uploads\/2014\/03\/Exercicis-leccion-10-12-A-key-to-Chinese-Speech-and-Writing_web.pdf\" target=\"_blank\" rel=\"noopener noreferrer\">Lli\u00e7\u00f3 10 &#8211;\u00a012<\/a><\/li>\n<li><i class=\"icon-chevron-right\"><\/i><a href=\"https:\/\/gerar.net\/wp-content\/uploads\/2014\/03\/exercicis-13-15-a-key-to-chinese-speech.pdf\" target=\"_blank\" rel=\"noopener noreferrer\">Lli\u00e7\u00f3 13 &#8211;\u00a015<\/a><\/li>\n<li><i class=\"icon-chevron-right\"><\/i><a href=\"https:\/\/gerar.net\/wp-content\/uploads\/2014\/03\/Exercicis-leccion16-18-key-to-Chinese-Speech-and-Writing_web.pdf\" target=\"_blank\" rel=\"noopener noreferrer\">Lli\u00e7\u00f3 16 18<\/a><\/li>\n<\/ul>\n<p><\/p><\/div>\n<div class=\"panel\" id=\"panel14424656472\"><p>Si vols aprendre xin\u00e8s de manera interactiva, no dubtis en descarregar el nostre llibre multim\u00e8dia. Podr\u00e0s escoltar com es pronuncia cada sinograma i sentir clarament la seva pronunciaci\u00f3.<\/a><\/p>\n<p>El llibre est\u00e0 protegit per contrassenya. Demana la teva a <a title=\"Contacte\" href=\"https:\/\/gerar.net\/ca\/contacte\/\">Gerar &#8211; Escola de llengua i cultura xinesa<\/a>.<\/p>\n<p><a href=\"https:\/\/gerar.net\/wp-content\/uploads\/2014\/06\/key-to-chinese.pdf\" target=\"_blank\" rel=\"noopener noreferrer\">A Key to Chinese Speech and Writing<\/a><br \/>\n<\/p><\/div><\/div><\/div>\n","protected":false},"excerpt":{"rendered":"<p>Tot el que necessites! Et facilitem el contingut del llibre i dels exercicis online, per qu\u00e8 puguis descarregar els arxius on vulguis! Tamb\u00e9 us donem acc\u00e9s al material utilitzat a les jornades culturals de Gerar.<\/p>\n","protected":false},"author":2,"featured_media":0,"parent":0,"menu_order":0,"comment_status":"closed","ping_status":"closed","template":"","meta":{"_joinchat":[],"footnotes":""},"class_list":["post-366","page","type-page","status-publish","hentry"],"yoast_head":"<!-- This site is optimized with the Yoast SEO plugin v25.2 - https:\/\/yoast.com\/wordpress\/plugins\/seo\/ -->\n<title>Material - Escola Gerar<\/title>\n<meta name=\"robots\" content=\"index, follow, max-snippet:-1, max-image-preview:large, max-video-preview:-1\" \/>\n<link rel=\"canonical\" href=\"https:\/\/gerar.net\/ca\/material\/\" \/>\n<meta property=\"og:locale\" content=\"ca_ES\" \/>\n<meta property=\"og:type\" content=\"article\" \/>\n<meta property=\"og:title\" content=\"Material - Escola Gerar\" \/>\n<meta property=\"og:description\" content=\"Tot el que necessites! Et facilitem el contingut del llibre i dels exercicis online, per qu\u00e8 puguis descarregar els arxius on vulguis! Tamb\u00e9 us donem acc\u00e9s al material utilitzat a les jornades culturals de Gerar.\" \/>\n<meta property=\"og:url\" content=\"https:\/\/gerar.net\/ca\/material\/\" \/>\n<meta property=\"og:site_name\" content=\"Curs de Xin\u00e8s\" \/>\n<meta property=\"article:publisher\" content=\"https:\/\/www.facebook.com\/escuelagerar\" \/>\n<meta property=\"article:modified_time\" content=\"2021-06-15T14:31:00+00:00\" \/>\n<meta property=\"og:image\" content=\"https:\/\/gerar.net\/wp-content\/uploads\/2014\/04\/slider-page-adulto.jpg\" \/>\n\t<meta property=\"og:image:width\" content=\"700\" \/>\n\t<meta property=\"og:image:height\" content=\"120\" \/>\n\t<meta property=\"og:image:type\" content=\"image\/jpeg\" \/>\n<meta name=\"twitter:card\" content=\"summary_large_image\" \/>\n<meta name=\"twitter:site\" content=\"@EscuelaGerar\" \/>\n<meta name=\"twitter:label1\" content=\"Temps estimat de lectura\" \/>\n\t<meta name=\"twitter:data1\" content=\"1 minut\" \/>\n<script type=\"application\/ld+json\" class=\"yoast-schema-graph\">{\"@context\":\"https:\/\/schema.org\",\"@graph\":[{\"@type\":\"WebPage\",\"@id\":\"https:\/\/gerar.net\/ca\/material\/\",\"url\":\"https:\/\/gerar.net\/ca\/material\/\",\"name\":\"Material - Escola Gerar\",\"isPartOf\":{\"@id\":\"https:\/\/gerar.net\/ca\/#website\"},\"primaryImageOfPage\":{\"@id\":\"https:\/\/gerar.net\/ca\/material\/#primaryimage\"},\"image\":{\"@id\":\"https:\/\/gerar.net\/ca\/material\/#primaryimage\"},\"thumbnailUrl\":\"https:\/\/gerar.net\/wp-content\/uploads\/2014\/04\/slider-shangai.jpg\",\"datePublished\":\"2014-03-25T16:42:18+00:00\",\"dateModified\":\"2021-06-15T14:31:00+00:00\",\"breadcrumb\":{\"@id\":\"https:\/\/gerar.net\/ca\/material\/#breadcrumb\"},\"inLanguage\":\"ca\",\"potentialAction\":[{\"@type\":\"ReadAction\",\"target\":[\"https:\/\/gerar.net\/ca\/material\/\"]}]},{\"@type\":\"ImageObject\",\"inLanguage\":\"ca\",\"@id\":\"https:\/\/gerar.net\/ca\/material\/#primaryimage\",\"url\":\"https:\/\/gerar.net\/wp-content\/uploads\/2014\/04\/slider-shangai.jpg\",\"contentUrl\":\"https:\/\/gerar.net\/wp-content\/uploads\/2014\/04\/slider-shangai.jpg\"},{\"@type\":\"BreadcrumbList\",\"@id\":\"https:\/\/gerar.net\/ca\/material\/#breadcrumb\",\"itemListElement\":[{\"@type\":\"ListItem\",\"position\":1,\"name\":\"Portada\",\"item\":\"https:\/\/gerar.net\/ca\/\"},{\"@type\":\"ListItem\",\"position\":2,\"name\":\"Material\"}]},{\"@type\":\"WebSite\",\"@id\":\"https:\/\/gerar.net\/ca\/#website\",\"url\":\"https:\/\/gerar.net\/ca\/\",\"name\":\"Gerar - Escuela de lengua y cultura China\",\"description\":\"Escola de Xin\u00e8s\",\"publisher\":{\"@id\":\"https:\/\/gerar.net\/ca\/#organization\"},\"alternateName\":\"Gerar\",\"potentialAction\":[{\"@type\":\"SearchAction\",\"target\":{\"@type\":\"EntryPoint\",\"urlTemplate\":\"https:\/\/gerar.net\/ca\/?s={search_term_string}\"},\"query-input\":{\"@type\":\"PropertyValueSpecification\",\"valueRequired\":true,\"valueName\":\"search_term_string\"}}],\"inLanguage\":\"ca\"},{\"@type\":\"Organization\",\"@id\":\"https:\/\/gerar.net\/ca\/#organization\",\"name\":\"Gerar\",\"url\":\"https:\/\/gerar.net\/ca\/\",\"logo\":{\"@type\":\"ImageObject\",\"inLanguage\":\"ca\",\"@id\":\"https:\/\/gerar.net\/ca\/#\/schema\/logo\/image\/\",\"url\":\"https:\/\/gerar.net\/wp-content\/uploads\/2014\/03\/logo_web_2x.jpg\",\"contentUrl\":\"https:\/\/gerar.net\/wp-content\/uploads\/2014\/03\/logo_web_2x.jpg\",\"width\":360,\"height\":162,\"caption\":\"Gerar\"},\"image\":{\"@id\":\"https:\/\/gerar.net\/ca\/#\/schema\/logo\/image\/\"},\"sameAs\":[\"https:\/\/www.facebook.com\/escuelagerar\",\"https:\/\/x.com\/EscuelaGerar\",\"http:\/\/es.linkedin.com\/pub\/weimin-shang-hu\/26\/716\/564\"]}]}<\/script>\n<!-- \/ Yoast SEO plugin. -->","yoast_head_json":{"title":"Material - Escola Gerar","robots":{"index":"index","follow":"follow","max-snippet":"max-snippet:-1","max-image-preview":"max-image-preview:large","max-video-preview":"max-video-preview:-1"},"canonical":"https:\/\/gerar.net\/ca\/material\/","og_locale":"ca_ES","og_type":"article","og_title":"Material - Escola Gerar","og_description":"Tot el que necessites! Et facilitem el contingut del llibre i dels exercicis online, per qu\u00e8 puguis descarregar els arxius on vulguis! Tamb\u00e9 us donem acc\u00e9s al material utilitzat a les jornades culturals de Gerar.","og_url":"https:\/\/gerar.net\/ca\/material\/","og_site_name":"Curs de Xin\u00e8s","article_publisher":"https:\/\/www.facebook.com\/escuelagerar","article_modified_time":"2021-06-15T14:31:00+00:00","og_image":[{"width":700,"height":120,"url":"https:\/\/gerar.net\/wp-content\/uploads\/2014\/04\/slider-page-adulto.jpg","type":"image\/jpeg"}],"twitter_card":"summary_large_image","twitter_site":"@EscuelaGerar","twitter_misc":{"Temps estimat de lectura":"1 minut"},"schema":{"@context":"https:\/\/schema.org","@graph":[{"@type":"WebPage","@id":"https:\/\/gerar.net\/ca\/material\/","url":"https:\/\/gerar.net\/ca\/material\/","name":"Material - Escola Gerar","isPartOf":{"@id":"https:\/\/gerar.net\/ca\/#website"},"primaryImageOfPage":{"@id":"https:\/\/gerar.net\/ca\/material\/#primaryimage"},"image":{"@id":"https:\/\/gerar.net\/ca\/material\/#primaryimage"},"thumbnailUrl":"https:\/\/gerar.net\/wp-content\/uploads\/2014\/04\/slider-shangai.jpg","datePublished":"2014-03-25T16:42:18+00:00","dateModified":"2021-06-15T14:31:00+00:00","breadcrumb":{"@id":"https:\/\/gerar.net\/ca\/material\/#breadcrumb"},"inLanguage":"ca","potentialAction":[{"@type":"ReadAction","target":["https:\/\/gerar.net\/ca\/material\/"]}]},{"@type":"ImageObject","inLanguage":"ca","@id":"https:\/\/gerar.net\/ca\/material\/#primaryimage","url":"https:\/\/gerar.net\/wp-content\/uploads\/2014\/04\/slider-shangai.jpg","contentUrl":"https:\/\/gerar.net\/wp-content\/uploads\/2014\/04\/slider-shangai.jpg"},{"@type":"BreadcrumbList","@id":"https:\/\/gerar.net\/ca\/material\/#breadcrumb","itemListElement":[{"@type":"ListItem","position":1,"name":"Portada","item":"https:\/\/gerar.net\/ca\/"},{"@type":"ListItem","position":2,"name":"Material"}]},{"@type":"WebSite","@id":"https:\/\/gerar.net\/ca\/#website","url":"https:\/\/gerar.net\/ca\/","name":"Gerar - Escuela de lengua y cultura China","description":"Escola de Xin\u00e8s","publisher":{"@id":"https:\/\/gerar.net\/ca\/#organization"},"alternateName":"Gerar","potentialAction":[{"@type":"SearchAction","target":{"@type":"EntryPoint","urlTemplate":"https:\/\/gerar.net\/ca\/?s={search_term_string}"},"query-input":{"@type":"PropertyValueSpecification","valueRequired":true,"valueName":"search_term_string"}}],"inLanguage":"ca"},{"@type":"Organization","@id":"https:\/\/gerar.net\/ca\/#organization","name":"Gerar","url":"https:\/\/gerar.net\/ca\/","logo":{"@type":"ImageObject","inLanguage":"ca","@id":"https:\/\/gerar.net\/ca\/#\/schema\/logo\/image\/","url":"https:\/\/gerar.net\/wp-content\/uploads\/2014\/03\/logo_web_2x.jpg","contentUrl":"https:\/\/gerar.net\/wp-content\/uploads\/2014\/03\/logo_web_2x.jpg","width":360,"height":162,"caption":"Gerar"},"image":{"@id":"https:\/\/gerar.net\/ca\/#\/schema\/logo\/image\/"},"sameAs":["https:\/\/www.facebook.com\/escuelagerar","https:\/\/x.com\/EscuelaGerar","http:\/\/es.linkedin.com\/pub\/weimin-shang-hu\/26\/716\/564"]}]}},"_links":{"self":[{"href":"https:\/\/gerar.net\/ca\/wp-json\/wp\/v2\/pages\/366","targetHints":{"allow":["GET"]}}],"collection":[{"href":"https:\/\/gerar.net\/ca\/wp-json\/wp\/v2\/pages"}],"about":[{"href":"https:\/\/gerar.net\/ca\/wp-json\/wp\/v2\/types\/page"}],"author":[{"embeddable":true,"href":"https:\/\/gerar.net\/ca\/wp-json\/wp\/v2\/users\/2"}],"replies":[{"embeddable":true,"href":"https:\/\/gerar.net\/ca\/wp-json\/wp\/v2\/comments?post=366"}],"version-history":[{"count":11,"href":"https:\/\/gerar.net\/ca\/wp-json\/wp\/v2\/pages\/366\/revisions"}],"predecessor-version":[{"id":2489,"href":"https:\/\/gerar.net\/ca\/wp-json\/wp\/v2\/pages\/366\/revisions\/2489"}],"wp:attachment":[{"href":"https:\/\/gerar.net\/ca\/wp-json\/wp\/v2\/media?parent=366"}],"curies":[{"name":"wp","href":"https:\/\/api.w.org\/{rel}","templated":true}]}}