{"id":531,"date":"2014-06-06T09:45:28","date_gmt":"2014-06-06T09:45:28","guid":{"rendered":"https:\/\/gerar.net\/test\/hsk-2\/"},"modified":"2014-07-16T09:26:23","modified_gmt":"2014-07-16T09:26:23","slug":"hsk","status":"publish","type":"page","link":"https:\/\/gerar.net\/ca\/hsk\/","title":{"rendered":"HSK"},"content":{"rendered":"<h4>Examen HSK<\/h4>\n<p><img loading=\"lazy\" decoding=\"async\" class=\"respo\" src=\"https:\/\/gerar.net\/wp-content\/uploads\/2014\/06\/hsk.jpg\" alt=\"hsk\" width=\"700\" height=\"120\" class=\"alignnone size-full wp-image-609\" srcset=\"https:\/\/gerar.net\/wp-content\/uploads\/2014\/06\/hsk.jpg 700w, https:\/\/gerar.net\/wp-content\/uploads\/2014\/06\/hsk-300x51.jpg 300w, https:\/\/gerar.net\/wp-content\/uploads\/2014\/06\/hsk-90x15.jpg 90w, https:\/\/gerar.net\/wp-content\/uploads\/2014\/06\/hsk-150x25.jpg 150w\" sizes=\"auto, (max-width: 700px) 100vw, 700px\" \/><\/p>\n<p>L&#8217;examen HSK (abreviatura de Hanyu Shuiping Kaoshi &#8211; Examen de Nivell de Xin\u00e8s) \u00e9s la prova oficial i estandaritzada destinada en aquells que desitgen obtenir un certificat que els permeti acreditar el seu nivell de coneixements de xin\u00e8s. La seva obtenci\u00f3 \u00e9s indispensable per ingresar a facultats xineses i molt \u00fatil per treballar al pais asi\u00e0tic ja que est\u00e0 reconegut per les institucions, organismes i empreses que exigeixen el domini del xin\u00e8s com a condic\u00f3 per contractar els seus empleats.<\/p>\n<p>El nou examen es divideix en dues parts, \u00e9s a dir, escrita i oral, que es presenten de forma independent. L&#8217;examen escrit compren HSK I, HSK II, HSK III, HSK IV, HSK V i HSK VI, mentre que l&#8217;examen oral inclou HSK b\u00e0sic, HSK mitj\u00e0 i HSK superior i adopta la forma de gravaci\u00f3 del s\u00f3.<\/p>\n<ul>\n<li><a href=\"http:\/\/www.confuciobarcelona.es\/index.php\/examenes\/examen-hsk\" target=\"_blank\">Convocat\u00f2ries HSK<\/a><\/li>\n<\/ul>\n<p>Si est\u00e0s interessat en presentar-te a l&#8217;examen HSK, posa&#8217;t en contacte amb nosaltres i te n&#8217;informarem al respecte.<\/p>\n<h3 class=\"title\"><span>Material HSK<\/span><\/h3>\n<div class=\"tabset tabstyle-vertical clearfix\"><ul class=\"tabs\"><li class=\"tab\"><a href=\"#panel4046958691\">HSK Nivell 1<\/a><\/li>\n<li class=\"tab\"><a href=\"#panel4046958692\">HSK Nivell 2<\/a><\/li>\n<li class=\"tab\"><a href=\"#panel4046958693\">HSK Nivell 3<\/a><\/li>\n<li class=\"tab\"><a href=\"#panel4046958694\">HSK Nivell 4<\/a><\/li>\n<li class=\"tab\"><a href=\"#panel4046958695\">HSK Nivell 5<\/a><\/li>\n<li class=\"tab\"><a href=\"#panel4046958696\">HSK Nivell 6<\/a><\/li><\/ul><div class=\"panels\"><div class=\"panel\" id=\"panel4046958691\"><p><\/p>\n<ul class=\"styled-list\">\n<li><i class=\"icon-chevron-right\"><\/i><a href=\"https:\/\/gerar.net\/wp-content\/uploads\/2014\/06\/H10901.pdf\" target=\"_blank\">Test 1 examen HSK I<\/a> <\/li>\n<li><i class=\"icon-chevron-right\"><\/i><a href=\"https:\/\/gerar.net\/wp-content\/uploads\/2014\/06\/H10902.pdf\" target=\"_blank\">Test 2 examen HSK I<\/a> <\/li>\n<li><i class=\"icon-chevron-right\"><\/i><a href=\"https:\/\/gerar.net\/wp-content\/uploads\/2014\/06\/H11003.pdf\" target=\"_blank\">Test 3 examen HSK I<\/a><\/li>\n<li><i class=\"icon-chevron-right\"><\/i><a href=\"https:\/\/gerar.net\/wp-content\/uploads\/2014\/06\/H11004.pdf\" target=\"_blank\">Test 4 examen HSK I<\/a><\/li>\n<li><i class=\"icon-chevron-right\"><\/i><a href=\"https:\/\/gerar.net\/wp-content\/uploads\/2014\/06\/H11005.pdf\" target=\"_blank\">Test 5 examen HSK I<\/a><\/li>\n<li><i class=\"icon-chevron-right\"><\/i><a href=\"https:\/\/gerar.net\/wp-content\/uploads\/2014\/06\/HSK1con_vocabulario.pdf\" target=\"_blank\">Test 6 examen HSK I + vocabulari<\/a><\/li>\n<li><i class=\"icon-chevron-right\"><\/i><a href=\"https:\/\/gerar.net\/wp-content\/uploads\/2014\/06\/HSK2013.zip\" target=\"_blank\">Examens 2013<\/a><\/li>\n<\/ul>\n<p><\/p><\/div>\n<div class=\"panel\" id=\"panel4046958692\"><p><\/p>\n<ul class=\"styled-list\">\n<li><i class=\"icon-chevron-right\"><\/i><a href=\"https:\/\/gerar.net\/wp-content\/uploads\/2014\/06\/H20901.pdf\" target=\"_blank\">Test 1 examen HSK II<\/a><\/li>\n<li><i class=\"icon-chevron-right\"><\/i><a href=\"https:\/\/gerar.net\/wp-content\/uploads\/2014\/06\/H20902.pdf\" target=\"_blank\">Test 2 examen HSK II<\/a><\/li>\n<li><i class=\"icon-chevron-right\"><\/i><a href=\"https:\/\/gerar.net\/wp-content\/uploads\/2014\/06\/H21003.pdf\" target=\"_blank\">Test 3 examen HSK II<\/a><\/li>\n<li><i class=\"icon-chevron-right\"><\/i><a href=\"https:\/\/gerar.net\/wp-content\/uploads\/2014\/06\/H21004.pdf\" target=\"_blank\">Test 4 examen HSK II<\/a><\/li>\n<li><i class=\"icon-chevron-right\"><\/i><a href=\"https:\/\/gerar.net\/wp-content\/uploads\/2014\/06\/H21005.pdf\" target=\"_blank\">Test 5 examen HSK II<\/a><\/li>\n<li><i class=\"icon-chevron-right\"><\/i><a href=\"https:\/\/gerar.net\/wp-content\/uploads\/2014\/06\/HSK2-vocabulario.pdf\" target=\"_blank\">Test 6 examen HSK II + vocabulari<\/a><\/li>\n<li><i class=\"icon-chevron-right\"><\/i><a href=\"https:\/\/gerar.net\/wp-content\/uploads\/2014\/06\/HSK_II_2013.zip\" target=\"_blank\">Examens 2013<\/a><\/li>\n<\/ul>\n<p><\/p><\/div>\n<div class=\"panel\" id=\"panel4046958693\"><p><\/p>\n<ul class=\"styled-list\">\n<li><i class=\"icon-chevron-right\"><\/i><a href=\"https:\/\/gerar.net\/wp-content\/uploads\/2014\/06\/H31001.pdf\" target=\"_blank\">Test 1 examen HSK III<\/a><\/li>\n<li><i class=\"icon-chevron-right\"><\/i><a href=\"https:\/\/gerar.net\/wp-content\/uploads\/2014\/06\/H31002.pdf\" target=\"_blank\">Test 2 examen HSK III<\/a><\/li>\n<li><i class=\"icon-chevron-right\"><\/i><a href=\"https:\/\/gerar.net\/wp-content\/uploads\/2014\/06\/H31003.pdf\" target=\"_blank\">Test 3 examen HSK III<\/a><\/li>\n<li><i class=\"icon-chevron-right\"><\/i><a href=\"https:\/\/gerar.net\/wp-content\/uploads\/2014\/06\/H31004.pdf\" target=\"_blank\">Test 4 examen HSK III<\/a><\/li>\n<li><i class=\"icon-chevron-right\"><\/i><a href=\"https:\/\/gerar.net\/wp-content\/uploads\/2014\/06\/H31005.pdf\" target=\"_blank\">Test 5 examen HSK III<\/a><\/li>\n<li><i class=\"icon-chevron-right\"><\/i><a href=\"https:\/\/gerar.net\/wp-content\/uploads\/2014\/06\/HSK3convocabulario.pdf\" target=\"_blank\">Test 6 examen HSK III + vocabulari<\/a><\/li>\n<li><i class=\"icon-chevron-right\"><\/i><a href=\"https:\/\/gerar.net\/wp-content\/uploads\/2014\/06\/HSK_III_2013.zip\" target=\"_blank\">Examens 2013<\/a><\/li>\n<\/ul>\n<p><\/p><\/div>\n<div class=\"panel\" id=\"panel4046958694\"><p><\/p>\n<ul class=\"styled-list\">\n<li><i class=\"icon-chevron-right\"><\/i><a href=\"https:\/\/gerar.net\/wp-content\/uploads\/2014\/06\/H41001.pdf\" target=\"_blank\">Test 1 examen HSK IV<\/a><\/li>\n<li><i class=\"icon-chevron-right\"><\/i><a href=\"https:\/\/gerar.net\/wp-content\/uploads\/2014\/06\/H41002.pdf\" target=\"_blank\">Test 2 examen HSK IV<\/a><\/li>\n<li><i class=\"icon-chevron-right\"><\/i><a href=\"https:\/\/gerar.net\/wp-content\/uploads\/2014\/06\/H41003.pdf\" target=\"_blank\">Test 3 examen HSK IV<\/a><\/li>\n<li><i class=\"icon-chevron-right\"><\/i><a href=\"https:\/\/gerar.net\/wp-content\/uploads\/2014\/06\/H41004.pdf\" target=\"_blank\">Test 4 examen HSK IV<\/a><\/li>\n<li><i class=\"icon-chevron-right\"><\/i><a href=\"https:\/\/gerar.net\/wp-content\/uploads\/2014\/06\/H41005.pdf\" target=\"_blank\">Test 5 examen HSK IV<\/a><\/li>\n<li><i class=\"icon-chevron-right\"><\/i><a href=\"https:\/\/gerar.net\/wp-content\/uploads\/2014\/06\/HSK4vocabulario.pdf\" target=\"_blank\">Test 6 examen HSK IV + vocabulari<\/a><\/li>\n<\/ul>\n<p><\/p><\/div>\n<div class=\"panel\" id=\"panel4046958695\"><p><\/p>\n<ul class=\"styled-list\">\n<li><i class=\"icon-chevron-right\"><\/i><a href=\"https:\/\/gerar.net\/wp-content\/uploads\/2014\/06\/H51001.pdf\" target=\"_blank\">Test 1 examen HSK V<\/a><\/li>\n<li><i class=\"icon-chevron-right\"><\/i><a href=\"https:\/\/gerar.net\/wp-content\/uploads\/2014\/06\/H51002.pdf\" target=\"_blank\">Test 2 examen HSK V<\/a><\/li>\n<li><i class=\"icon-chevron-right\"><\/i><a href=\"https:\/\/gerar.net\/wp-content\/uploads\/2014\/06\/H51003.pdf\" target=\"_blank\">Test 3 examen HSK V<\/a><\/li>\n<li><i class=\"icon-chevron-right\"><\/i><a href=\"https:\/\/gerar.net\/wp-content\/uploads\/2014\/06\/H51004.pdf\" target=\"_blank\">Test 4 examen HSK V<\/a><\/li>\n<li><i class=\"icon-chevron-right\"><\/i><a href=\"https:\/\/gerar.net\/wp-content\/uploads\/2014\/06\/H51005.pdf\" target=\"_blank\">Test 5 examen HSK V<\/a><\/li>\n<li><i class=\"icon-chevron-right\"><\/i><a href=\"https:\/\/gerar.net\/wp-content\/uploads\/2014\/06\/HSK5convocabulario.pdf\" target=\"_blank\">Test 6 examen HSK V + vocabulari<\/a><\/li>\n<\/ul>\n<p><\/p><\/div>\n<div class=\"panel\" id=\"panel4046958696\"><p><\/p>\n<ul class=\"styled-list\">\n<li><i class=\"icon-chevron-right\"><\/i><a href=\"https:\/\/gerar.net\/wp-content\/uploads\/2014\/06\/H61001.pdf\" target=\"_blank\">Test 1 examen HSK VI<\/a><\/li>\n<li><i class=\"icon-chevron-right\"><\/i><a href=\"https:\/\/gerar.net\/wp-content\/uploads\/2014\/06\/H61002.pdf\" target=\"_blank\">Test 2 examen HSK 6<\/a><\/li>\n<li><i class=\"icon-chevron-right\"><\/i><a href=\"https:\/\/gerar.net\/wp-content\/uploads\/2014\/06\/H61003.pdf\" target=\"_blank\">Test 3 examen HSK 6<\/a><\/li>\n<li><i class=\"icon-chevron-right\"><\/i><a href=\"https:\/\/gerar.net\/wp-content\/uploads\/2014\/06\/H61004.pdf\" target=\"_blank\">Test 4 examen HSK 6<\/a><\/li>\n<li><i class=\"icon-chevron-right\"><\/i><a href=\"https:\/\/gerar.net\/wp-content\/uploads\/2014\/06\/H61005.pdf\" target=\"_blank\">Test 5 examen HSK 6<\/a><\/li>\n<li><i class=\"icon-chevron-right\"><\/i><a href=\"https:\/\/gerar.net\/wp-content\/uploads\/2014\/06\/HSK6convocabulario.pdf\" target=\"_blank\">Test 6 examen HSK 6 + vocabulari<\/a><\/li>\n<\/ul>\n<p><\/p><\/div><\/div><\/div>\n","protected":false},"excerpt":{"rendered":"<p>Examen HSK L&#8217;examen HSK (abreviatura de Hanyu Shuiping Kaoshi &#8211; Examen de Nivell de Xin\u00e8s) \u00e9s la prova oficial i estandaritzada destinada en aquells que desitgen obtenir un certificat que els permeti acreditar el seu nivell de coneixements de xin\u00e8s. La seva obtenci\u00f3 \u00e9s indispensable per ingresar a facultats xineses [&hellip;]<\/p>\n","protected":false},"author":2,"featured_media":0,"parent":0,"menu_order":0,"comment_status":"closed","ping_status":"open","template":"","meta":{"_joinchat":[],"footnotes":""},"class_list":["post-531","page","type-page","status-publish","hentry"],"yoast_head":"<!-- This site is optimized with the Yoast SEO plugin v25.2 - https:\/\/yoast.com\/wordpress\/plugins\/seo\/ -->\n<title>HSK - Escola Gerar<\/title>\n<meta name=\"robots\" content=\"index, follow, max-snippet:-1, max-image-preview:large, max-video-preview:-1\" \/>\n<link rel=\"canonical\" href=\"https:\/\/gerar.net\/ca\/hsk\/\" \/>\n<meta property=\"og:locale\" content=\"ca_ES\" \/>\n<meta property=\"og:type\" content=\"article\" \/>\n<meta property=\"og:title\" content=\"HSK - Escola Gerar\" \/>\n<meta property=\"og:description\" content=\"Examen HSK L&#8217;examen HSK (abreviatura de Hanyu Shuiping Kaoshi &#8211; Examen de Nivell de Xin\u00e8s) \u00e9s la prova oficial i estandaritzada destinada en aquells que desitgen obtenir un certificat que els permeti acreditar el seu nivell de coneixements de xin\u00e8s. La seva obtenci\u00f3 \u00e9s indispensable per ingresar a facultats xineses [&hellip;]\" \/>\n<meta property=\"og:url\" content=\"https:\/\/gerar.net\/ca\/hsk\/\" \/>\n<meta property=\"og:site_name\" content=\"Curs de Xin\u00e8s\" \/>\n<meta property=\"article:publisher\" content=\"https:\/\/www.facebook.com\/escuelagerar\" \/>\n<meta property=\"article:modified_time\" content=\"2014-07-16T09:26:23+00:00\" \/>\n<meta property=\"og:image\" content=\"https:\/\/gerar.net\/wp-content\/uploads\/2014\/06\/hsk.jpg\" \/>\n<meta name=\"twitter:card\" content=\"summary_large_image\" \/>\n<meta name=\"twitter:site\" content=\"@EscuelaGerar\" \/>\n<meta name=\"twitter:label1\" content=\"Temps estimat de lectura\" \/>\n\t<meta name=\"twitter:data1\" content=\"3 minuts\" \/>\n<script type=\"application\/ld+json\" class=\"yoast-schema-graph\">{\"@context\":\"https:\/\/schema.org\",\"@graph\":[{\"@type\":\"WebPage\",\"@id\":\"https:\/\/gerar.net\/ca\/hsk\/\",\"url\":\"https:\/\/gerar.net\/ca\/hsk\/\",\"name\":\"HSK - Escola Gerar\",\"isPartOf\":{\"@id\":\"https:\/\/gerar.net\/ca\/#website\"},\"primaryImageOfPage\":{\"@id\":\"https:\/\/gerar.net\/ca\/hsk\/#primaryimage\"},\"image\":{\"@id\":\"https:\/\/gerar.net\/ca\/hsk\/#primaryimage\"},\"thumbnailUrl\":\"https:\/\/gerar.net\/wp-content\/uploads\/2014\/06\/hsk.jpg\",\"datePublished\":\"2014-06-06T09:45:28+00:00\",\"dateModified\":\"2014-07-16T09:26:23+00:00\",\"breadcrumb\":{\"@id\":\"https:\/\/gerar.net\/ca\/hsk\/#breadcrumb\"},\"inLanguage\":\"ca\",\"potentialAction\":[{\"@type\":\"ReadAction\",\"target\":[\"https:\/\/gerar.net\/ca\/hsk\/\"]}]},{\"@type\":\"ImageObject\",\"inLanguage\":\"ca\",\"@id\":\"https:\/\/gerar.net\/ca\/hsk\/#primaryimage\",\"url\":\"https:\/\/gerar.net\/wp-content\/uploads\/2014\/06\/hsk.jpg\",\"contentUrl\":\"https:\/\/gerar.net\/wp-content\/uploads\/2014\/06\/hsk.jpg\"},{\"@type\":\"BreadcrumbList\",\"@id\":\"https:\/\/gerar.net\/ca\/hsk\/#breadcrumb\",\"itemListElement\":[{\"@type\":\"ListItem\",\"position\":1,\"name\":\"Portada\",\"item\":\"https:\/\/gerar.net\/ca\/\"},{\"@type\":\"ListItem\",\"position\":2,\"name\":\"HSK\"}]},{\"@type\":\"WebSite\",\"@id\":\"https:\/\/gerar.net\/ca\/#website\",\"url\":\"https:\/\/gerar.net\/ca\/\",\"name\":\"Gerar - Escuela de lengua y cultura China\",\"description\":\"Escola de Xin\u00e8s\",\"publisher\":{\"@id\":\"https:\/\/gerar.net\/ca\/#organization\"},\"alternateName\":\"Gerar\",\"potentialAction\":[{\"@type\":\"SearchAction\",\"target\":{\"@type\":\"EntryPoint\",\"urlTemplate\":\"https:\/\/gerar.net\/ca\/?s={search_term_string}\"},\"query-input\":{\"@type\":\"PropertyValueSpecification\",\"valueRequired\":true,\"valueName\":\"search_term_string\"}}],\"inLanguage\":\"ca\"},{\"@type\":\"Organization\",\"@id\":\"https:\/\/gerar.net\/ca\/#organization\",\"name\":\"Gerar\",\"url\":\"https:\/\/gerar.net\/ca\/\",\"logo\":{\"@type\":\"ImageObject\",\"inLanguage\":\"ca\",\"@id\":\"https:\/\/gerar.net\/ca\/#\/schema\/logo\/image\/\",\"url\":\"https:\/\/gerar.net\/wp-content\/uploads\/2014\/03\/logo_web_2x.jpg\",\"contentUrl\":\"https:\/\/gerar.net\/wp-content\/uploads\/2014\/03\/logo_web_2x.jpg\",\"width\":360,\"height\":162,\"caption\":\"Gerar\"},\"image\":{\"@id\":\"https:\/\/gerar.net\/ca\/#\/schema\/logo\/image\/\"},\"sameAs\":[\"https:\/\/www.facebook.com\/escuelagerar\",\"https:\/\/x.com\/EscuelaGerar\",\"http:\/\/es.linkedin.com\/pub\/weimin-shang-hu\/26\/716\/564\"]}]}<\/script>\n<!-- \/ Yoast SEO plugin. -->","yoast_head_json":{"title":"HSK - Escola Gerar","robots":{"index":"index","follow":"follow","max-snippet":"max-snippet:-1","max-image-preview":"max-image-preview:large","max-video-preview":"max-video-preview:-1"},"canonical":"https:\/\/gerar.net\/ca\/hsk\/","og_locale":"ca_ES","og_type":"article","og_title":"HSK - Escola Gerar","og_description":"Examen HSK L&#8217;examen HSK (abreviatura de Hanyu Shuiping Kaoshi &#8211; Examen de Nivell de Xin\u00e8s) \u00e9s la prova oficial i estandaritzada destinada en aquells que desitgen obtenir un certificat que els permeti acreditar el seu nivell de coneixements de xin\u00e8s. La seva obtenci\u00f3 \u00e9s indispensable per ingresar a facultats xineses [&hellip;]","og_url":"https:\/\/gerar.net\/ca\/hsk\/","og_site_name":"Curs de Xin\u00e8s","article_publisher":"https:\/\/www.facebook.com\/escuelagerar","article_modified_time":"2014-07-16T09:26:23+00:00","og_image":[{"url":"https:\/\/gerar.net\/wp-content\/uploads\/2014\/06\/hsk.jpg","type":"","width":"","height":""}],"twitter_card":"summary_large_image","twitter_site":"@EscuelaGerar","twitter_misc":{"Temps estimat de lectura":"3 minuts"},"schema":{"@context":"https:\/\/schema.org","@graph":[{"@type":"WebPage","@id":"https:\/\/gerar.net\/ca\/hsk\/","url":"https:\/\/gerar.net\/ca\/hsk\/","name":"HSK - Escola Gerar","isPartOf":{"@id":"https:\/\/gerar.net\/ca\/#website"},"primaryImageOfPage":{"@id":"https:\/\/gerar.net\/ca\/hsk\/#primaryimage"},"image":{"@id":"https:\/\/gerar.net\/ca\/hsk\/#primaryimage"},"thumbnailUrl":"https:\/\/gerar.net\/wp-content\/uploads\/2014\/06\/hsk.jpg","datePublished":"2014-06-06T09:45:28+00:00","dateModified":"2014-07-16T09:26:23+00:00","breadcrumb":{"@id":"https:\/\/gerar.net\/ca\/hsk\/#breadcrumb"},"inLanguage":"ca","potentialAction":[{"@type":"ReadAction","target":["https:\/\/gerar.net\/ca\/hsk\/"]}]},{"@type":"ImageObject","inLanguage":"ca","@id":"https:\/\/gerar.net\/ca\/hsk\/#primaryimage","url":"https:\/\/gerar.net\/wp-content\/uploads\/2014\/06\/hsk.jpg","contentUrl":"https:\/\/gerar.net\/wp-content\/uploads\/2014\/06\/hsk.jpg"},{"@type":"BreadcrumbList","@id":"https:\/\/gerar.net\/ca\/hsk\/#breadcrumb","itemListElement":[{"@type":"ListItem","position":1,"name":"Portada","item":"https:\/\/gerar.net\/ca\/"},{"@type":"ListItem","position":2,"name":"HSK"}]},{"@type":"WebSite","@id":"https:\/\/gerar.net\/ca\/#website","url":"https:\/\/gerar.net\/ca\/","name":"Gerar - Escuela de lengua y cultura China","description":"Escola de Xin\u00e8s","publisher":{"@id":"https:\/\/gerar.net\/ca\/#organization"},"alternateName":"Gerar","potentialAction":[{"@type":"SearchAction","target":{"@type":"EntryPoint","urlTemplate":"https:\/\/gerar.net\/ca\/?s={search_term_string}"},"query-input":{"@type":"PropertyValueSpecification","valueRequired":true,"valueName":"search_term_string"}}],"inLanguage":"ca"},{"@type":"Organization","@id":"https:\/\/gerar.net\/ca\/#organization","name":"Gerar","url":"https:\/\/gerar.net\/ca\/","logo":{"@type":"ImageObject","inLanguage":"ca","@id":"https:\/\/gerar.net\/ca\/#\/schema\/logo\/image\/","url":"https:\/\/gerar.net\/wp-content\/uploads\/2014\/03\/logo_web_2x.jpg","contentUrl":"https:\/\/gerar.net\/wp-content\/uploads\/2014\/03\/logo_web_2x.jpg","width":360,"height":162,"caption":"Gerar"},"image":{"@id":"https:\/\/gerar.net\/ca\/#\/schema\/logo\/image\/"},"sameAs":["https:\/\/www.facebook.com\/escuelagerar","https:\/\/x.com\/EscuelaGerar","http:\/\/es.linkedin.com\/pub\/weimin-shang-hu\/26\/716\/564"]}]}},"_links":{"self":[{"href":"https:\/\/gerar.net\/ca\/wp-json\/wp\/v2\/pages\/531","targetHints":{"allow":["GET"]}}],"collection":[{"href":"https:\/\/gerar.net\/ca\/wp-json\/wp\/v2\/pages"}],"about":[{"href":"https:\/\/gerar.net\/ca\/wp-json\/wp\/v2\/types\/page"}],"author":[{"embeddable":true,"href":"https:\/\/gerar.net\/ca\/wp-json\/wp\/v2\/users\/2"}],"replies":[{"embeddable":true,"href":"https:\/\/gerar.net\/ca\/wp-json\/wp\/v2\/comments?post=531"}],"version-history":[{"count":12,"href":"https:\/\/gerar.net\/ca\/wp-json\/wp\/v2\/pages\/531\/revisions"}],"predecessor-version":[{"id":1342,"href":"https:\/\/gerar.net\/ca\/wp-json\/wp\/v2\/pages\/531\/revisions\/1342"}],"wp:attachment":[{"href":"https:\/\/gerar.net\/ca\/wp-json\/wp\/v2\/media?parent=531"}],"curies":[{"name":"wp","href":"https:\/\/api.w.org\/{rel}","templated":true}]}}